{"id":114,"date":"2020-11-05T14:01:01","date_gmt":"2020-11-05T13:01:01","guid":{"rendered":"http:\/\/valeriemarlienhypnose.fr\/?page_id=114"},"modified":"2024-10-14T11:03:11","modified_gmt":"2024-10-14T09:03:11","slug":"qui-suis-je","status":"publish","type":"page","link":"https:\/\/valeriemarlienhypnose.fr\/index.php\/qui-suis-je\/","title":{"rendered":"Qui suis je ?"},"content":{"rendered":"<p>[et_pb_section fb_built=\u00a0\u00bb1&Prime; next_background_color=\u00a0\u00bb#ffffff\u00a0\u00bb _builder_version=\u00a0\u00bb4.4.8&Prime; background_color=\u00a0\u00bbrgba(0,0,0,0)\u00a0\u00bb use_background_color_gradient=\u00a0\u00bbon\u00a0\u00bb background_color_gradient_start=\u00a0\u00bbrgba(0,0,0,0)\u00a0\u00bb background_color_gradient_end=\u00a0\u00bbrgba(255,227,208,0.3)\u00a0\u00bb background_color_gradient_type=\u00a0\u00bbradial\u00a0\u00bb background_color_gradient_direction_radial=\u00a0\u00bbtop left\u00a0\u00bb background_color_gradient_start_position=\u00a0\u00bb50%\u00a0\u00bb background_color_gradient_overlays_image=\u00a0\u00bbon\u00a0\u00bb background_image=\u00a0\u00bbhttp:\/\/valeriemarlienhypnose.fr\/wp-content\/uploads\/2021\/02\/nuages-roses-ciel-bleu-oiseaux-copie.jpg\u00a0\u00bb background_position=\u00a0\u00bbbottom_center\u00a0\u00bb custom_margin=\u00a0\u00bb||||false\u00a0\u00bb custom_padding=\u00a0\u00bb3vw||1vw||false|false\u00a0\u00bb bottom_divider_style=\u00a0\u00bbcurve\u00a0\u00bb bottom_divider_height=\u00a0\u00bb2.5vw\u00a0\u00bb][et_pb_row _builder_version=\u00a0\u00bb3.25&Prime; animation_style=\u00a0\u00bbfade\u00a0\u00bb][et_pb_column type=\u00a0\u00bb4_4&Prime; _builder_version=\u00a0\u00bb3.25&Prime; custom_padding=\u00a0\u00bb|||\u00a0\u00bb custom_padding__hover=\u00a0\u00bb|||\u00a0\u00bb][et_pb_text _builder_version=\u00a0\u00bb4.4.8&Prime; text_font=\u00a0\u00bb||||||||\u00a0\u00bb text_font_size=\u00a0\u00bb18px\u00a0\u00bb text_line_height=\u00a0\u00bb2em\u00a0\u00bb header_font=\u00a0\u00bbMontserrat|300|||||||\u00a0\u00bb header_font_size=\u00a0\u00bb50px\u00a0\u00bb header_line_height=\u00a0\u00bb1.4em\u00a0\u00bb text_orientation=\u00a0\u00bbcenter\u00a0\u00bb max_width=\u00a0\u00bb700px\u00a0\u00bb module_alignment=\u00a0\u00bbcenter\u00a0\u00bb header_font_size_tablet=\u00a0\u00bb40px\u00a0\u00bb header_font_size_phone=\u00a0\u00bb32px\u00a0\u00bb header_font_size_last_edited=\u00a0\u00bbon|desktop\u00a0\u00bb]<\/p>\n<h1><span style=\"color: #54bfb5;\"><strong><\/strong><\/span><\/h1>\n<h1><span style=\"color: #54bfb5;\"><strong><\/strong><\/span><\/h1>\n<h1><span style=\"color: #54bfb5;\"><strong><\/strong><\/span><\/h1>\n<h1><span style=\"color: #54bfb5;\"><strong><\/strong><\/span><\/h1>\n<h1><span style=\"color: #54bfb5;\"><strong>Qui suis-je ?<\/strong><\/span><\/h1>\n<p>&nbsp;<\/p>\n<p>[\/et_pb_text][\/et_pb_column][\/et_pb_row][\/et_pb_section][et_pb_section fb_built=\u00a0\u00bb1&Prime; admin_label=\u00a0\u00bbAbout Me\u00a0\u00bb _builder_version=\u00a0\u00bb3.22&Prime;][et_pb_row column_structure=\u00a0\u00bb1_4,3_4&Prime; use_custom_gutter=\u00a0\u00bbon\u00a0\u00bb padding_top_bottom_link_2=\u00a0\u00bbtrue\u00a0\u00bb padding_left_right_link_2=\u00a0\u00bbtrue\u00a0\u00bb _builder_version=\u00a0\u00bb3.25&Prime; max_width=\u00a0\u00bb80%\u00a0\u00bb custom_margin=\u00a0\u00bb|0px||\u00a0\u00bb custom_margin_tablet=\u00a0\u00bb|10%||10%||true\u00a0\u00bb custom_margin_phone=\u00a0\u00bb\u00a0\u00bb custom_margin_last_edited=\u00a0\u00bbon|tablet\u00a0\u00bb custom_padding=\u00a0\u00bb100px|0px|0|0px|false|false\u00a0\u00bb use_custom_width=\u00a0\u00bbon\u00a0\u00bb width_unit=\u00a0\u00bboff\u00a0\u00bb][et_pb_column type=\u00a0\u00bb1_4&Prime; _builder_version=\u00a0\u00bb3.25&Prime; custom_padding=\u00a0\u00bb|||\u00a0\u00bb custom_padding__hover=\u00a0\u00bb|||\u00a0\u00bb][et_pb_image src=\u00a0\u00bbhttp:\/\/valeriemarlienhypnose.fr\/wp-content\/uploads\/2020\/11\/rond-maman.png\u00a0\u00bb title_text=\u00a0\u00bbrond-maman\u00a0\u00bb align_tablet=\u00a0\u00bbcenter\u00a0\u00bb align_phone=\u00a0\u00bb\u00a0\u00bb align_last_edited=\u00a0\u00bbon|desktop\u00a0\u00bb _builder_version=\u00a0\u00bb4.4.8&Prime; custom_margin=\u00a0\u00bb-60px|-50%||\u00a0\u00bb custom_margin_tablet=\u00a0\u00bb|0%||\u00a0\u00bb custom_margin_phone=\u00a0\u00bb\u00a0\u00bb custom_margin_last_edited=\u00a0\u00bbon|tablet\u00a0\u00bb animation_style=\u00a0\u00bbslide\u00a0\u00bb animation_direction=\u00a0\u00bbright\u00a0\u00bb animation_intensity_slide=\u00a0\u00bb5%\u00a0\u00bb][\/et_pb_image][\/et_pb_column][et_pb_column type=\u00a0\u00bb3_4&Prime; _builder_version=\u00a0\u00bb3.25&Prime; background_color=\u00a0\u00bb#f7f9fc\u00a0\u00bb custom_padding=\u00a0\u00bb40px|60px|40px|60px\u00a0\u00bb custom_padding_tablet=\u00a0\u00bb\u00a0\u00bb custom_padding_phone=\u00a0\u00bb|40px||40px||true\u00a0\u00bb custom_padding_last_edited=\u00a0\u00bbon|phone\u00a0\u00bb padding_phone=\u00a0\u00bb|40px||40px||true\u00a0\u00bb padding_last_edited=\u00a0\u00bbon|phone\u00a0\u00bb custom_padding__hover=\u00a0\u00bb|||\u00a0\u00bb][et_pb_text _builder_version=\u00a0\u00bb4.4.8&Prime; text_font=\u00a0\u00bb||||||||\u00a0\u00bb text_font_size=\u00a0\u00bb16px\u00a0\u00bb text_line_height=\u00a0\u00bb2em\u00a0\u00bb header_font=\u00a0\u00bb||||||||\u00a0\u00bb header_2_font=\u00a0\u00bbMontserrat|300|||||||\u00a0\u00bb header_2_font_size=\u00a0\u00bb40px\u00a0\u00bb header_2_line_height=\u00a0\u00bb1.4em\u00a0\u00bb header_5_font=\u00a0\u00bb||||||||\u00a0\u00bb header_5_text_color=\u00a0\u00bb#7f8dff\u00a0\u00bb header_5_line_height=\u00a0\u00bb2em\u00a0\u00bb max_width=\u00a0\u00bb700px\u00a0\u00bb header_2_font_size_tablet=\u00a0\u00bb\u00a0\u00bb header_2_font_size_phone=\u00a0\u00bb30px\u00a0\u00bb header_2_font_size_last_edited=\u00a0\u00bbon|phone\u00a0\u00bb locked=\u00a0\u00bboff\u00a0\u00bb]<\/p>\n<h2><span style=\"color: #54bfb5;\"><strong>Val\u00e9rie Marlien<\/strong><\/span><\/h2>\n<h5><strong><span style=\"color: #54bfb5;\">Hypnoth\u00e9rapeute<\/span><\/strong><\/h5>\n<p style=\"text-align: justify;\">Je suis <strong>Val\u00e9rie Marlien<\/strong>, j&rsquo;ai 52 ans, je suis <strong>mari\u00e9e et maman<\/strong> d&rsquo;un jeune homme et belle maman d&rsquo;un adolescent.<\/p>\n<p style=\"text-align: justify;\">J\u2019ai un parcours professionnel riche et vari\u00e9 o\u00f9 <strong>je me suis plusieurs fois r\u00e9ivent\u00e9e<\/strong>. Apr\u00e8s plus de 10 ans comme <strong>cadre dans le consulting<\/strong> (mise en valeur du patrimoine culturel et touristique), j\u2019ai fais le choix de vivre de ma premi\u00e8re passion, la cr\u00e9ation artisanale de bijoux et j\u2019ai cr\u00e9\u00e9e <strong>mon entreprise<\/strong>. Ces 15 ans comme auto entrepreneur et ont \u00e9t\u00e9 l&rsquo;occasion de c\u00f4toyer une grande vari\u00e9t\u00e9 de personnes.<\/p>\n<p style=\"text-align: justify;\">En parall\u00e8le, je me suis toujours <strong>passionn\u00e9e pour la richesse et la complexit\u00e9 de l\u2019\u00eatre humain<\/strong> et me suis pleinement investie dans le d\u00e9veloppement personnel et le service aux autres (associations).<\/p>\n<p style=\"text-align: justify;\">\u00c0 l&rsquo;aube de la quarantaine, <strong>des bouleversements de vie<\/strong> (divorce, maladie de mon fils, reconversion professionnelle) <strong>m&rsquo;ont pouss\u00e9e \u00e0 me demander ce que je voulais \u00eatre.<\/strong><\/p>\n<p style=\"text-align: justify;\">J&rsquo;ai alors exp\u00e9riment\u00e9 de nombreuses pistes de d\u00e9veloppement personnel pour sortir de mes impasses et mes souffrances. Mais le travail mental en psychoth\u00e9rapie s&rsquo;est av\u00e9r\u00e9 \u00eatre \u00e0 un moment insuffisant et j&rsquo;ai rencontr\u00e9 <strong>l&rsquo;hypnose qui m&rsquo;a permis de passer un cap d\u00e9cisif, de r\u00e9inventer ma vie<\/strong>, tout en g\u00e9rant mon anxi\u00e9t\u00e9 et mes \u00e9motions.<\/p>\n<p style=\"text-align: justify;\">Aujourd&rsquo;hui, <strong>je mets \u00e0 votre service mon \u00e9nergie, mon chemin d&rsquo;\u00e9volution, mes exp\u00e9rimentations, mon expertise pour vous guider vers votre changement.<\/strong><\/p>\n<p style=\"text-align: justify;\">J&rsquo;ai choisi <strong>l&rsquo;hypnose parce qu&rsquo;elle se fonde sur des recherches et \u00e9tudes scientifiques s\u00e9rieuses et prouv\u00e9es<\/strong> (les techniques de l&rsquo;hypnose sont d&rsquo;ailleurs utilis\u00e9es dans les h\u00f4pitaux) <strong>avec des r\u00e9sultats r\u00e9els bien qu&rsquo;\u00e9tonnants.<\/strong><\/p>\n<p>&nbsp;<\/p>\n<p>[\/et_pb_text][et_pb_button button_url=\u00a0\u00bbhttps:\/\/valeriemarlienhypnose.fr\/index.php\/prendre-rendez-vous\/\u00a0\u00bb url_new_window=\u00a0\u00bbon\u00a0\u00bb button_text=\u00a0\u00bbMe contacter\u00a0\u00bb button_alignment=\u00a0\u00bbcenter\u00a0\u00bb _builder_version=\u00a0\u00bb4.4.8&Prime; custom_button=\u00a0\u00bbon\u00a0\u00bb button_text_size=\u00a0\u00bb14px\u00a0\u00bb button_text_color=\u00a0\u00bb#ffffff\u00a0\u00bb button_bg_color=\u00a0\u00bb#54bfb5&Prime; button_border_color=\u00a0\u00bbrgba(0,0,0,0)\u00a0\u00bb button_border_radius=\u00a0\u00bb100px\u00a0\u00bb button_letter_spacing=\u00a0\u00bb2px\u00a0\u00bb button_font=\u00a0\u00bbMontserrat|||on|||||\u00a0\u00bb custom_padding=\u00a0\u00bb16px|30px|16px|30px|true|true\u00a0\u00bb box_shadow_style=\u00a0\u00bbpreset3&Prime; box_shadow_color=\u00a0\u00bbrgba(127,141,255,0.4)\u00a0\u00bb button_letter_spacing_hover=\u00a0\u00bb2px\u00a0\u00bb button_text_size__hover_enabled=\u00a0\u00bboff\u00a0\u00bb button_one_text_size__hover_enabled=\u00a0\u00bboff\u00a0\u00bb button_two_text_size__hover_enabled=\u00a0\u00bboff\u00a0\u00bb button_text_color__hover_enabled=\u00a0\u00bboff\u00a0\u00bb button_one_text_color__hover_enabled=\u00a0\u00bboff\u00a0\u00bb button_two_text_color__hover_enabled=\u00a0\u00bboff\u00a0\u00bb button_border_width__hover_enabled=\u00a0\u00bboff\u00a0\u00bb button_one_border_width__hover_enabled=\u00a0\u00bboff\u00a0\u00bb button_two_border_width__hover_enabled=\u00a0\u00bboff\u00a0\u00bb button_border_color__hover_enabled=\u00a0\u00bboff\u00a0\u00bb button_one_border_color__hover_enabled=\u00a0\u00bboff\u00a0\u00bb button_two_border_color__hover_enabled=\u00a0\u00bboff\u00a0\u00bb button_border_radius__hover_enabled=\u00a0\u00bboff\u00a0\u00bb button_one_border_radius__hover_enabled=\u00a0\u00bboff\u00a0\u00bb button_two_border_radius__hover_enabled=\u00a0\u00bboff\u00a0\u00bb button_letter_spacing__hover_enabled=\u00a0\u00bbon\u00a0\u00bb button_letter_spacing__hover=\u00a0\u00bb2px\u00a0\u00bb button_one_letter_spacing__hover_enabled=\u00a0\u00bboff\u00a0\u00bb button_two_letter_spacing__hover_enabled=\u00a0\u00bboff\u00a0\u00bb button_bg_color__hover_enabled=\u00a0\u00bboff\u00a0\u00bb button_one_bg_color__hover_enabled=\u00a0\u00bboff\u00a0\u00bb button_two_bg_color__hover_enabled=\u00a0\u00bboff\u00a0\u00bb][\/et_pb_button][\/et_pb_column][\/et_pb_row][\/et_pb_section][et_pb_section fb_built=\u00a0\u00bb1&Prime; admin_label=\u00a0\u00bbMy Experience\u00a0\u00bb _builder_version=\u00a0\u00bb4.4.8&Prime; top_divider_style=\u00a0\u00bbarrow2&Prime; top_divider_color=\u00a0\u00bb#048abf\u00a0\u00bb border_color_all=\u00a0\u00bb#bcbcbc\u00a0\u00bb border_style_all=\u00a0\u00bbinset\u00a0\u00bb][et_pb_row _builder_version=\u00a0\u00bb4.4.8&Prime;][et_pb_column type=\u00a0\u00bb4_4&Prime; _builder_version=\u00a0\u00bb3.25&Prime; custom_padding=\u00a0\u00bb|||\u00a0\u00bb custom_padding_tablet=\u00a0\u00bb0px|||\u00a0\u00bb custom_padding_last_edited=\u00a0\u00bboff|desktop\u00a0\u00bb padding_tablet=\u00a0\u00bb0px|||\u00a0\u00bb padding_last_edited=\u00a0\u00bboff|desktop\u00a0\u00bb custom_padding__hover=\u00a0\u00bb|||\u00a0\u00bb][et_pb_text _builder_version=\u00a0\u00bb4.4.8&Prime; text_font=\u00a0\u00bb||||||||\u00a0\u00bb text_text_color=\u00a0\u00bb#54BFB5&Prime; header_text_color=\u00a0\u00bb#54bfb5&Prime; header_2_text_color=\u00a0\u00bb#54bfb5&Prime;]<\/p>\n<h2><strong>MES FORMATIONS :<\/strong><\/h2>\n<p>[\/et_pb_text][\/et_pb_column][\/et_pb_row][et_pb_row column_structure=\u00a0\u00bb1_2,1_2&Prime; _builder_version=\u00a0\u00bb4.4.8&Prime;][et_pb_column type=\u00a0\u00bb1_2&Prime; _builder_version=\u00a0\u00bb3.25&Prime; custom_padding=\u00a0\u00bb|||\u00a0\u00bb custom_padding_tablet=\u00a0\u00bb0px|||\u00a0\u00bb custom_padding_last_edited=\u00a0\u00bboff|desktop\u00a0\u00bb padding_tablet=\u00a0\u00bb0px|||\u00a0\u00bb padding_last_edited=\u00a0\u00bboff|desktop\u00a0\u00bb custom_padding__hover=\u00a0\u00bb|||\u00a0\u00bb][et_pb_text _builder_version=\u00a0\u00bb4.4.8&Prime; text_font=\u00a0\u00bb||||||||\u00a0\u00bb text_text_color=\u00a0\u00bb#048ABF\u00a0\u00bb text_font_size=\u00a0\u00bb16px\u00a0\u00bb text_line_height=\u00a0\u00bb2em\u00a0\u00bb header_font=\u00a0\u00bb||||||||\u00a0\u00bb header_2_font=\u00a0\u00bb||||||||\u00a0\u00bb header_3_font=\u00a0\u00bbMontserrat||||||||\u00a0\u00bb header_3_line_height=\u00a0\u00bb1.4em\u00a0\u00bb header_5_font=\u00a0\u00bb||||||||\u00a0\u00bb header_5_text_color=\u00a0\u00bb#7f8dff\u00a0\u00bb header_5_line_height=\u00a0\u00bb2em\u00a0\u00bb max_width=\u00a0\u00bb700px\u00a0\u00bb header_2_font_size_phone=\u00a0\u00bb30px\u00a0\u00bb header_2_font_size_last_edited=\u00a0\u00bboff|desktop\u00a0\u00bb locked=\u00a0\u00bboff\u00a0\u00bb]<\/p>\n<h3><\/h3>\n<p style=\"text-align: justify;\">\u2666<em><strong>\u00a02017 : Praticienne en Hypnose Ericksonienne<\/strong> <span style=\"color: #333333;\">certif\u00e9e ARCHE (Acad\u00e9mie de Recherche et Communication en Hypnose Ericksonienne)<\/span><\/em><\/p>\n<p style=\"text-align: justify;\"><em>\u2666<strong> 2018<\/strong> :\u00a0<strong>Certifi\u00e9e RITMO apparent\u00e9 EMDR<\/strong> <span style=\"color: #333333;\">aupr\u00e8s de Lili Ruggieri\u00a0<\/span><\/em><\/p>\n<p style=\"text-align: justify;\"><em>\u2666 <strong>2019<\/strong>\u00a0<strong>Hypnose p\u00e9rinatale<\/strong> <span style=\"color: #333333;\">certifi\u00e9e ARCHE<\/span><\/em><\/p>\n<p style=\"text-align: justify;\"><em>\u2666 <strong>2021 :<\/strong>\u00a0<strong>Hypnose Conversationnelle<\/strong>\u00a0<span style=\"color: #333333;\">avec Jean Dupr\u00e9 ARCHE<\/span><\/em><\/p>\n<p style=\"text-align: justify;\"><em>\u2666<strong> 2019 :<\/strong>\u00a0<strong>R\u00eave Eveill\u00e9 Dirig\u00e9 Augment\u00e9 par l&rsquo;Hypnose<\/strong> <span style=\"color: #333333;\">(R.E.A.H) avec Marie Lisel<\/span><\/em><\/p>\n<p><em>\u2666 <strong>2020 :<\/strong>\u00a0<strong>Hypnose Rapide<\/strong>\u00a0<span style=\"color: #333333;\">avec Jordan V\u00e9rot au Centre Hypnose Nice<\/span><\/em><\/p>\n<p><em>\u2666 <strong>2018 :<\/strong>\u00a0<strong>Th\u00e9orie Polyvagale<\/strong>\u00a0<span style=\"color: #333333;\">avec Deborah Dana<\/span><\/em><\/p>\n<p><em><span style=\"color: #333333;\">\u2666 2018 : formations sur Le nerf vague, la t<strong>h\u00e9orie polyvagale et les applications th\u00e9rapeutiques<\/strong> de ces connaissances qui r\u00e9volutionnent le monde de la th\u00e9rapie : par Eric Marlien\u00a0<\/span><\/em><\/p>\n<p><em>\u2666 de <strong>2018 \u00e0 2021 :\u00a0<\/strong><span style=\"color: #333333;\">G\u00e9opse pour une<\/span> <strong>approche holistique et transpersonnelle de l&rsquo;\u00ebtre Humain<\/strong> <span style=\"color: #333333;\">avec Eric Marlien<\/span><\/em><\/p>\n<p><em><span style=\"color: #333333;\">\u2666 <strong>de 2021 \u00e0 2023<\/strong> : Int\u00e9gration du Cycle de Vie (ICV) niveaux 1\/2\/3 valid\u00e9s aupr\u00e8s de <strong>l&rsquo;Institut Double H\u00e9lice. <\/strong><\/span><\/em><\/p>\n<p><em><span style=\"color: #333333;\">Pour plus de renseignements sur ICV ; cette approche th\u00e9rapeutique nouvelle et puissante voici le lien de l&rsquo;association<strong>\u00a0http:\/\/aficv.com\/<\/strong><\/span><\/em><\/p>\n<p><em><span style=\"color: #333333;\"><\/span><\/em><\/p>\n<p><em><span style=\"color: #333333;\"><\/span><\/em><\/p>\n<p>[\/et_pb_text][\/et_pb_column][et_pb_column type=\u00a0\u00bb1_2&Prime; _builder_version=\u00a0\u00bb3.25&Prime; custom_padding=\u00a0\u00bb|||\u00a0\u00bb custom_padding_tablet=\u00a0\u00bb0px|||\u00a0\u00bb custom_padding_last_edited=\u00a0\u00bboff|desktop\u00a0\u00bb padding_tablet=\u00a0\u00bb0px|||\u00a0\u00bb padding_last_edited=\u00a0\u00bboff|desktop\u00a0\u00bb custom_padding__hover=\u00a0\u00bb|||\u00a0\u00bb][et_pb_text _builder_version=\u00a0\u00bb4.4.8&Prime; header_2_text_color=\u00a0\u00bb#54bfb5&Prime;]<\/p>\n<h2><strong>Supervisions :<\/strong><\/h2>\n<p>[\/et_pb_text][et_pb_text _builder_version=\u00a0\u00bb4.4.8&Prime; text_text_color=\u00a0\u00bb#048abf\u00a0\u00bb text_font_size=\u00a0\u00bb15px\u00a0\u00bb]<\/p>\n<p style=\"text-align: justify;\"><span><span style=\"color: #333333;\">Pour moi, la pratique de l&rsquo;accompagnement ne peut faire l&rsquo;impasse sur la<\/span> <strong>supervision par un praticien exp\u00e9riment\u00e9<\/strong> <span style=\"color: #333333;\">et l&rsquo;\u00e9change avec des pairs.\u00a0<\/span><\/span><\/p>\n<p style=\"text-align: justify;\"><span><\/span><\/p>\n<p style=\"text-align: justify;\"><span>\u2663 <span style=\"color: #333333;\">Supervisions une fois par semaine : Hypnoscient.fr avec\u00a0<\/span><strong>Laurent Bertin<\/strong> <span style=\"color: #333333;\">(formateur et ancien co-directeur \u00e0 l\u2019\u00e9cole de l\u2019ARCHE)<\/span><\/span><\/p>\n<p style=\"text-align: justify;\"><span><span style=\"color: #333333;\">\u2663 Supervisions <strong>ICV<\/strong> avec <strong>Ana Richet-Bramavovic<\/strong> en groupe et en individuel<\/span><\/span><\/p>\n<p style=\"text-align: justify;\"><span style=\"color: #333333;\">pour en savoir plus sur l&rsquo;ICV suivez ce lien\u00a0<a href=\"http:\/\/aficv.com\/\">http:\/\/aficv.com\/<\/a>\u00a0<\/span><\/p>\n<p style=\"text-align: justify;\"><span><\/span><\/p>\n<p>[\/et_pb_text][\/et_pb_column][\/et_pb_row][et_pb_row _builder_version=\u00a0\u00bb4.4.8&Prime; border_width_all=\u00a0\u00bb1px\u00a0\u00bb border_color_all=\u00a0\u00bb#048ABF\u00a0\u00bb][et_pb_column type=\u00a0\u00bb4_4&Prime; _builder_version=\u00a0\u00bb4.4.8&Prime;][et_pb_text _builder_version=\u00a0\u00bb4.4.8&Prime; text_font_size=\u00a0\u00bb16px\u00a0\u00bb]<\/p>\n<p style=\"text-align: center;\"><strong>Les techniques de l&rsquo;hypnose et la psychologie humaine sont le coeur de nombreuses recherches, \u00e9tudes toujours renouvel\u00e9es. Alors je ne cesse de lire, de me tenir inform\u00e9e, de me former afin de vous accompagner le mieux possible.<\/strong><\/p>\n<p>[\/et_pb_text][\/et_pb_column][\/et_pb_row][\/et_pb_section]<\/p>\n","protected":false},"excerpt":{"rendered":"<p>[et_pb_section fb_built=\u00a0\u00bb1&Prime; next_background_color=\u00a0\u00bb#ffffff\u00a0\u00bb _builder_version=\u00a0\u00bb4.4.8&Prime; background_color=\u00a0\u00bbrgba(0,0,0,0)\u00a0\u00bb use_background_color_gradient=\u00a0\u00bbon\u00a0\u00bb background_color_gradient_start=\u00a0\u00bbrgba(0,0,0,0)\u00a0\u00bb background_color_gradient_end=\u00a0\u00bbrgba(255,227,208,0.3)\u00a0\u00bb background_color_gradient_type=\u00a0\u00bbradial\u00a0\u00bb background_color_gradient_direction_radial=\u00a0\u00bbtop left\u00a0\u00bb background_color_gradient_start_position=\u00a0\u00bb50%\u00a0\u00bb background_color_gradient_overlays_image=\u00a0\u00bbon\u00a0\u00bb background_image=\u00a0\u00bbhttp:\/\/valeriemarlienhypnose.fr\/wp-content\/uploads\/2021\/02\/nuages-roses-ciel-bleu-oiseaux-copie.jpg\u00a0\u00bb background_position=\u00a0\u00bbbottom_center\u00a0\u00bb custom_margin=\u00a0\u00bb||||false\u00a0\u00bb custom_padding=\u00a0\u00bb3vw||1vw||false|false\u00a0\u00bb bottom_divider_style=\u00a0\u00bbcurve\u00a0\u00bb bottom_divider_height=\u00a0\u00bb2.5vw\u00a0\u00bb][et_pb_row _builder_version=\u00a0\u00bb3.25&Prime; animation_style=\u00a0\u00bbfade\u00a0\u00bb][et_pb_column type=\u00a0\u00bb4_4&Prime; _builder_version=\u00a0\u00bb3.25&Prime; custom_padding=\u00a0\u00bb|||\u00a0\u00bb custom_padding__hover=\u00a0\u00bb|||\u00a0\u00bb][et_pb_text _builder_version=\u00a0\u00bb4.4.8&Prime; text_font=\u00a0\u00bb||||||||\u00a0\u00bb text_font_size=\u00a0\u00bb18px\u00a0\u00bb text_line_height=\u00a0\u00bb2em\u00a0\u00bb header_font=\u00a0\u00bbMontserrat|300|||||||\u00a0\u00bb header_font_size=\u00a0\u00bb50px\u00a0\u00bb header_line_height=\u00a0\u00bb1.4em\u00a0\u00bb text_orientation=\u00a0\u00bbcenter\u00a0\u00bb max_width=\u00a0\u00bb700px\u00a0\u00bb module_alignment=\u00a0\u00bbcenter\u00a0\u00bb header_font_size_tablet=\u00a0\u00bb40px\u00a0\u00bb header_font_size_phone=\u00a0\u00bb32px\u00a0\u00bb header_font_size_last_edited=\u00a0\u00bbon|desktop\u00a0\u00bb] Qui suis-je ? &nbsp; [\/et_pb_text][\/et_pb_column][\/et_pb_row][\/et_pb_section][et_pb_section fb_built=\u00a0\u00bb1&Prime; admin_label=\u00a0\u00bbAbout Me\u00a0\u00bb _builder_version=\u00a0\u00bb3.22&Prime;][et_pb_row column_structure=\u00a0\u00bb1_4,3_4&Prime; use_custom_gutter=\u00a0\u00bbon\u00a0\u00bb padding_top_bottom_link_2=\u00a0\u00bbtrue\u00a0\u00bb padding_left_right_link_2=\u00a0\u00bbtrue\u00a0\u00bb _builder_version=\u00a0\u00bb3.25&Prime; max_width=\u00a0\u00bb80%\u00a0\u00bb custom_margin=\u00a0\u00bb|0px||\u00a0\u00bb custom_margin_tablet=\u00a0\u00bb|10%||10%||true\u00a0\u00bb [&hellip;]<\/p>\n","protected":false},"author":1,"featured_media":0,"parent":0,"menu_order":0,"comment_status":"closed","ping_status":"closed","template":"","meta":{"_et_pb_use_builder":"on","_et_pb_old_content":"","_et_gb_content_width":""},"aioseo_notices":[],"_links":{"self":[{"href":"https:\/\/valeriemarlienhypnose.fr\/index.php\/wp-json\/wp\/v2\/pages\/114"}],"collection":[{"href":"https:\/\/valeriemarlienhypnose.fr\/index.php\/wp-json\/wp\/v2\/pages"}],"about":[{"href":"https:\/\/valeriemarlienhypnose.fr\/index.php\/wp-json\/wp\/v2\/types\/page"}],"author":[{"embeddable":true,"href":"https:\/\/valeriemarlienhypnose.fr\/index.php\/wp-json\/wp\/v2\/users\/1"}],"replies":[{"embeddable":true,"href":"https:\/\/valeriemarlienhypnose.fr\/index.php\/wp-json\/wp\/v2\/comments?post=114"}],"version-history":[{"count":37,"href":"https:\/\/valeriemarlienhypnose.fr\/index.php\/wp-json\/wp\/v2\/pages\/114\/revisions"}],"predecessor-version":[{"id":1716,"href":"https:\/\/valeriemarlienhypnose.fr\/index.php\/wp-json\/wp\/v2\/pages\/114\/revisions\/1716"}],"wp:attachment":[{"href":"https:\/\/valeriemarlienhypnose.fr\/index.php\/wp-json\/wp\/v2\/media?parent=114"}],"curies":[{"name":"wp","href":"https:\/\/api.w.org\/{rel}","templated":true}]}}