{"id":116,"date":"2020-11-05T14:01:50","date_gmt":"2020-11-05T13:01:50","guid":{"rendered":"http:\/\/valeriemarlienhypnose.fr\/?page_id=116"},"modified":"2021-07-26T07:45:51","modified_gmt":"2021-07-26T05:45:51","slug":"la-seance","status":"publish","type":"page","link":"https:\/\/valeriemarlienhypnose.fr\/index.php\/la-seance\/","title":{"rendered":"Votre s\u00e9ance"},"content":{"rendered":"<p>[et_pb_section fb_built=\u00a0\u00bb1&Prime; next_background_color=\u00a0\u00bb#ffffff\u00a0\u00bb _builder_version=\u00a0\u00bb4.4.8&Prime; background_enable_color=\u00a0\u00bboff\u00a0\u00bb use_background_color_gradient=\u00a0\u00bbon\u00a0\u00bb background_color_gradient_start=\u00a0\u00bbrgba(0,0,0,0)\u00a0\u00bb background_color_gradient_end=\u00a0\u00bbrgba(0,0,0,0)\u00a0\u00bb background_color_gradient_type=\u00a0\u00bbradial\u00a0\u00bb background_color_gradient_direction_radial=\u00a0\u00bbtop left\u00a0\u00bb background_color_gradient_start_position=\u00a0\u00bb50%\u00a0\u00bb background_color_gradient_overlays_image=\u00a0\u00bbon\u00a0\u00bb background_image=\u00a0\u00bbhttp:\/\/valeriemarlienhypnose.fr\/wp-content\/uploads\/2021\/02\/votre-seance.jpg\u00a0\u00bb custom_margin=\u00a0\u00bb||||false\u00a0\u00bb custom_padding=\u00a0\u00bb3vw||1vw||false|false\u00a0\u00bb bottom_divider_style=\u00a0\u00bbcurve\u00a0\u00bb bottom_divider_height=\u00a0\u00bb2.5vw\u00a0\u00bb][et_pb_row _builder_version=\u00a0\u00bb3.25&Prime; animation_style=\u00a0\u00bbfade\u00a0\u00bb][et_pb_column type=\u00a0\u00bb4_4&Prime; _builder_version=\u00a0\u00bb3.25&Prime; custom_padding=\u00a0\u00bb|||\u00a0\u00bb custom_padding__hover=\u00a0\u00bb|||\u00a0\u00bb][et_pb_text _builder_version=\u00a0\u00bb4.4.8&Prime; text_font=\u00a0\u00bb||||||||\u00a0\u00bb text_font_size=\u00a0\u00bb18px\u00a0\u00bb text_line_height=\u00a0\u00bb2em\u00a0\u00bb header_font=\u00a0\u00bbMontserrat|300|||||||\u00a0\u00bb header_font_size=\u00a0\u00bb50px\u00a0\u00bb header_line_height=\u00a0\u00bb1.4em\u00a0\u00bb text_orientation=\u00a0\u00bbcenter\u00a0\u00bb max_width=\u00a0\u00bb700px\u00a0\u00bb module_alignment=\u00a0\u00bbcenter\u00a0\u00bb header_font_size_tablet=\u00a0\u00bb40px\u00a0\u00bb header_font_size_phone=\u00a0\u00bb32px\u00a0\u00bb header_font_size_last_edited=\u00a0\u00bbon|desktop\u00a0\u00bb]<\/p>\n<h1><span style=\"color: #54bfb5;\"><strong><\/strong><\/span><\/h1>\n<h1><span style=\"color: #54bfb5;\"><strong><\/strong><\/span><\/h1>\n<h1><span style=\"color: #54bfb5;\"><strong><\/strong><\/span><\/h1>\n<h1><span style=\"color: #54bfb5;\"><strong>Votre s\u00e9ance au cabinet<\/strong><\/span><\/h1>\n<p>&nbsp;<\/p>\n<p>[\/et_pb_text][\/et_pb_column][\/et_pb_row][\/et_pb_section][et_pb_section fb_built=\u00a0\u00bb1&Prime; admin_label=\u00a0\u00bbAbout Me\u00a0\u00bb _builder_version=\u00a0\u00bb3.22&Prime;][et_pb_row column_structure=\u00a0\u00bb1_4,3_4&Prime; use_custom_gutter=\u00a0\u00bbon\u00a0\u00bb padding_top_bottom_link_2=\u00a0\u00bbtrue\u00a0\u00bb padding_left_right_link_2=\u00a0\u00bbtrue\u00a0\u00bb _builder_version=\u00a0\u00bb4.4.8&Prime; max_width=\u00a0\u00bb80%\u00a0\u00bb module_alignment=\u00a0\u00bbcenter\u00a0\u00bb custom_margin=\u00a0\u00bb|0px||\u00a0\u00bb custom_margin_tablet=\u00a0\u00bb|10%||10%||true\u00a0\u00bb custom_margin_phone=\u00a0\u00bb\u00a0\u00bb custom_margin_last_edited=\u00a0\u00bbon|tablet\u00a0\u00bb custom_padding=\u00a0\u00bb40px|0px|0|0px|false|false\u00a0\u00bb use_custom_width=\u00a0\u00bbon\u00a0\u00bb width_unit=\u00a0\u00bboff\u00a0\u00bb][et_pb_column type=\u00a0\u00bb1_4&Prime; _builder_version=\u00a0\u00bb3.25&Prime; custom_padding=\u00a0\u00bb|||\u00a0\u00bb custom_padding__hover=\u00a0\u00bb|||\u00a0\u00bb][et_pb_image src=\u00a0\u00bbhttp:\/\/valeriemarlienhypnose.fr\/wp-content\/uploads\/2021\/02\/cabinet-entree-modifs-copie.jpg\u00a0\u00bb title_text=\u00a0\u00bbcabinet entree modifs &#8211; copie\u00a0\u00bb _builder_version=\u00a0\u00bb4.4.8&Prime;][\/et_pb_image][et_pb_image src=\u00a0\u00bbhttp:\/\/valeriemarlienhypnose.fr\/wp-content\/uploads\/2021\/02\/cabinetensemblemodifs-scaled.jpg\u00a0\u00bb title_text=\u00a0\u00bbcabinetensemblemodifs\u00a0\u00bb _builder_version=\u00a0\u00bb4.4.8&Prime;][\/et_pb_image][et_pb_image src=\u00a0\u00bbhttp:\/\/valeriemarlienhypnose.fr\/wp-content\/uploads\/2021\/05\/marlien-hypnose-aix-venelles-vue-se\u0301ance-copie.jpg\u00a0\u00bb title_text=\u00a0\u00bbmarlien hypnose aix-venelles vue se\u0301ance &#8211; copie\u00a0\u00bb _builder_version=\u00a0\u00bb4.4.8&Prime;][\/et_pb_image][et_pb_button button_url=\u00a0\u00bbhttps:\/\/valeriemarlienhypnose.fr\/index.php\/prendre-rendez-vous\/\u00a0\u00bb url_new_window=\u00a0\u00bbon\u00a0\u00bb button_text=\u00a0\u00bbPrendre Rendez-Vous\u00a0\u00bb button_alignment=\u00a0\u00bbleft\u00a0\u00bb _builder_version=\u00a0\u00bb4.4.8&Prime; custom_button=\u00a0\u00bbon\u00a0\u00bb button_text_size=\u00a0\u00bb14px\u00a0\u00bb button_text_color=\u00a0\u00bb#ffffff\u00a0\u00bb button_bg_color=\u00a0\u00bb#54bfb5&Prime; button_border_color=\u00a0\u00bbrgba(0,0,0,0)\u00a0\u00bb button_border_radius=\u00a0\u00bb100px\u00a0\u00bb button_letter_spacing=\u00a0\u00bb2px\u00a0\u00bb button_font=\u00a0\u00bbMontserrat|||on|||||\u00a0\u00bb custom_padding=\u00a0\u00bb16px|30px|16px|30px|true|true\u00a0\u00bb box_shadow_style=\u00a0\u00bbpreset3&Prime; box_shadow_color=\u00a0\u00bbrgba(127,141,255,0.4)\u00a0\u00bb button_letter_spacing_hover=\u00a0\u00bb2px\u00a0\u00bb button_text_size__hover_enabled=\u00a0\u00bboff\u00a0\u00bb button_one_text_size__hover_enabled=\u00a0\u00bboff\u00a0\u00bb button_two_text_size__hover_enabled=\u00a0\u00bboff\u00a0\u00bb button_text_color__hover_enabled=\u00a0\u00bboff\u00a0\u00bb button_one_text_color__hover_enabled=\u00a0\u00bboff\u00a0\u00bb button_two_text_color__hover_enabled=\u00a0\u00bboff\u00a0\u00bb button_border_width__hover_enabled=\u00a0\u00bboff\u00a0\u00bb button_one_border_width__hover_enabled=\u00a0\u00bboff\u00a0\u00bb button_two_border_width__hover_enabled=\u00a0\u00bboff\u00a0\u00bb button_border_color__hover_enabled=\u00a0\u00bboff\u00a0\u00bb button_one_border_color__hover_enabled=\u00a0\u00bboff\u00a0\u00bb button_two_border_color__hover_enabled=\u00a0\u00bboff\u00a0\u00bb button_border_radius__hover_enabled=\u00a0\u00bboff\u00a0\u00bb button_one_border_radius__hover_enabled=\u00a0\u00bboff\u00a0\u00bb button_two_border_radius__hover_enabled=\u00a0\u00bboff\u00a0\u00bb button_letter_spacing__hover_enabled=\u00a0\u00bbon\u00a0\u00bb button_letter_spacing__hover=\u00a0\u00bb2px\u00a0\u00bb button_one_letter_spacing__hover_enabled=\u00a0\u00bboff\u00a0\u00bb button_two_letter_spacing__hover_enabled=\u00a0\u00bboff\u00a0\u00bb button_bg_color__hover_enabled=\u00a0\u00bboff\u00a0\u00bb button_one_bg_color__hover_enabled=\u00a0\u00bboff\u00a0\u00bb button_two_bg_color__hover_enabled=\u00a0\u00bboff\u00a0\u00bb][\/et_pb_button][\/et_pb_column][et_pb_column type=\u00a0\u00bb3_4&Prime; _builder_version=\u00a0\u00bb3.25&Prime; custom_padding=\u00a0\u00bb|||\u00a0\u00bb custom_padding__hover=\u00a0\u00bb|||\u00a0\u00bb][et_pb_text _builder_version=\u00a0\u00bb4.4.8&Prime; text_font=\u00a0\u00bb||||||||\u00a0\u00bb text_text_color=\u00a0\u00bb#048abf\u00a0\u00bb text_font_size=\u00a0\u00bb16px\u00a0\u00bb text_line_height=\u00a0\u00bb2em\u00a0\u00bb header_font=\u00a0\u00bb||||||||\u00a0\u00bb header_2_font=\u00a0\u00bbMontserrat|300|||||||\u00a0\u00bb header_2_font_size=\u00a0\u00bb40px\u00a0\u00bb header_2_line_height=\u00a0\u00bb1.4em\u00a0\u00bb header_5_font=\u00a0\u00bb||||||||\u00a0\u00bb header_5_text_color=\u00a0\u00bb#7f8dff\u00a0\u00bb header_5_line_height=\u00a0\u00bb2em\u00a0\u00bb max_width=\u00a0\u00bb723px\u00a0\u00bb custom_margin=\u00a0\u00bb|-25px||||\u00a0\u00bb header_2_font_size_tablet=\u00a0\u00bb\u00a0\u00bb header_2_font_size_phone=\u00a0\u00bb30px\u00a0\u00bb header_2_font_size_last_edited=\u00a0\u00bbon|phone\u00a0\u00bb locked=\u00a0\u00bboff\u00a0\u00bb]<\/p>\n<h1><span color=\"#54bfb5\" style=\"color: #54bfb5;\"><strong>Et concr\u00e8tement comment se d\u00e9roule une s\u00e9ance ?<\/strong>\u00a0<\/span><\/h1>\n<p class=\"font_8\" style=\"text-align: justify;\"><span><span style=\"color: #333333;\">Parce que chacun est unique, le travail en hypnose est un\u00a0<\/span><strong>accompagnement\u00a0<\/strong><\/span><strong>sur mesure.<\/strong><\/p>\n<p class=\"font_8\" style=\"text-align: justify;\"><span style=\"color: #333333;\"><span class=\"wixGuard\">\u21d2\u00a0\u200b<\/span>Cela commence par\u00a0<\/span><span><strong>une rencontre humaine<\/strong> <span style=\"color: #333333;\">et<\/span> <strong>un \u00e9change<\/strong><\/span><strong>\u00a0sur la raison\u00a0de votre venue.<\/strong><\/p>\n<p class=\"font_8\" style=\"text-align: justify;\"><span><span style=\"color: #333333;\">M\u00eame si l\u2019hypnose ne n\u00e9cessite pas une longue introspection, je suis \u00e0 l\u2019\u00e9coute de<\/span> <strong>votre parcours de vie, de vos difficult\u00e9s \u00e0 r\u00e9soudre, de ce que vous avez d\u00e9j\u00e0 entrepris et de vos objectifs.<\/strong><\/span><\/p>\n<p class=\"font_8\" style=\"text-align: justify;\"><span style=\"color: #333333;\">Cette discussion\u00a0vous\u00a0aide \u00e0 d\u00e9terminer ce que vous\u00a0d\u00e9sirez r\u00e9ellement face \u00e0 la situation qui vous\u00a0pousse \u00e0 consulter mais aussi \u00e0 vous\u00a0reconnecter \u00e0\u00a0vos\u00a0d\u00e9sirs, vos\u00a0ressources et vos\u00a0valeurs.\u00a0<\/span><\/p>\n<p class=\"font_8\" style=\"text-align: justify;\"><span style=\"color: #333333;\"><span class=\"wixGuard\">\u200b<\/span>De cette discussion d\u00e9coulera le protocole adapt\u00e9 et la technique appropri\u00e9e (hypnose, RITMO). Tout vous sera expliqu\u00e9 et sera transparent.<\/span><\/p>\n<p class=\"font_8\" style=\"text-align: justify;\"><span><span class=\"wixGuard\"><span style=\"color: #333333;\">\u21d2\u00a0Vient le moment de<\/span> <strong>\u00ab\u00a0l&rsquo;\u00e9chauffement hypnotique\u00a0\u00bb<\/strong> <span style=\"color: #333333;\">: des exercices simples permettent alors de d\u00e9couvrir et s&rsquo;approprier les sensations de l&rsquo;hypnose, et de cerner comment vous fonctionnez.\u00a0<\/span><\/span><\/span><\/p>\n<p class=\"font_8\" style=\"text-align: justify;\"><span><span class=\"wixGuard\"><span style=\"color: #333333;\">\u21d2\u00a0Puis<\/span> <strong>je vous guide dans un \u200b<\/strong><\/span><\/span><strong>\u00e9tat de conscience modifi\u00e9\u00a0o\u00f9\u00a0<\/strong><span><strong>le travail avec la partie inconsciente de vous se fait.<\/strong>\u00a0<\/span><span style=\"color: #333333;\">Vous serez toujours conscient, dans un \u00e9tat\u00a0proche d\u2019un r\u00eave \u00e9veill\u00e9.<\/span><\/p>\n<p class=\"font_8\" style=\"text-align: justify;\"><span><span style=\"color: #333333;\">C\u2019est un v\u00e9ritable<\/span> <strong>jeu\u00a0<\/strong><\/span><span><strong>d\u2019\u00e9quipe<\/strong>\u00a0<\/span><span style=\"color: #333333;\">qui commence\u00a0: la partie consciente de vous m\u00eame qui observe, la partie responsable du comportement \u00e0 changer et la technique d\u2019hypnoth\u00e9rapie port\u00e9e par\u00a0ma voix.<\/span><\/p>\n<p class=\"font_8\" style=\"text-align: justify;\"><span><span class=\"wixGuard\">\u200b<\/span><\/span><strong><em>Mon r\u00f4le\u00a0\u00e9tant alors d\u2019\u00eatre un\u00a0facilitateur pour vous emmener vers\u00a0VOTRE\u00a0\u00e9volution.<\/em><\/strong><\/p>\n<p class=\"font_8\" style=\"text-align: justify;\"><em><strong>Votre r\u00f4le\u00a0est de participer activement au d\u00e9roulement de la s\u00e9ance. Votre implication, votre motivation et votre\u00a0engagement personnel\u00a0sont\u00a0d\u00e9terminants.<\/strong><\/em><\/p>\n<p class=\"font_8\"><span style=\"color: #333333;\"><span class=\"wixGuard\">\u200b\u21d2<\/span><\/span><span><span style=\"color: #333333;\">\u00a0Une fois la phase de\u00a0travail accomplie,\u00a0je vous guide\u00a0pour<\/span> <strong>un retour \u00e0 la \u00ab\u00a0r\u00e9alit\u00e9\u00a0\u00bb<\/strong> <span style=\"color: #333333;\">en douceur.<\/span><\/span><\/p>\n<p>[\/et_pb_text][\/et_pb_column][\/et_pb_row][et_pb_row _builder_version=\u00a0\u00bb4.4.8&Prime;][et_pb_column type=\u00a0\u00bb4_4&Prime; _builder_version=\u00a0\u00bb4.4.8&Prime;][et_pb_image src=\u00a0\u00bbhttp:\/\/valeriemarlienhypnose.fr\/wp-content\/uploads\/2021\/02\/travail-equipe-copie.jpg\u00a0\u00bb title_text=\u00a0\u00bbtravail equipe &#8211; copie\u00a0\u00bb _builder_version=\u00a0\u00bb4.4.8&Prime; max_width=\u00a0\u00bb49%\u00a0\u00bb module_alignment=\u00a0\u00bbcenter\u00a0\u00bb][\/et_pb_image][\/et_pb_column][\/et_pb_row][et_pb_row _builder_version=\u00a0\u00bb4.4.8&Prime; box_shadow_style=\u00a0\u00bbpreset1&Prime;][et_pb_column type=\u00a0\u00bb4_4&Prime; _builder_version=\u00a0\u00bb4.4.8&Prime;][et_pb_text _builder_version=\u00a0\u00bb4.4.8&Prime; header_2_text_color=\u00a0\u00bb#54bfb5&Prime;]<\/p>\n<h2 style=\"text-align: center;\"><strong>Une s\u00e9ance d&rsquo;accompagnement est avant tout un travail d&rsquo;\u00e9quipe dans lequel :<\/strong><\/h2>\n<p>[\/et_pb_text][\/et_pb_column][\/et_pb_row][et_pb_row column_structure=\u00a0\u00bb1_2,1_2&Prime; _builder_version=\u00a0\u00bb4.4.8&Prime;][et_pb_column type=\u00a0\u00bb1_2&Prime; _builder_version=\u00a0\u00bb4.4.8&Prime;][et_pb_text _builder_version=\u00a0\u00bb4.4.8&Prime; text_text_color=\u00a0\u00bb#048abf\u00a0\u00bb text_font_size=\u00a0\u00bb16px\u00a0\u00bb header_text_color=\u00a0\u00bb#54bfb5&Prime; header_2_text_color=\u00a0\u00bb#54bfb5&Prime;]<\/p>\n<h2>Je m\u2019engage :<\/h2>\n<p style=\"text-align: justify;\"><span style=\"color: #333333;\">&gt; \u00c0 \u00eatre<\/span> <strong>honn\u00eate avec vous,<\/strong> <strong>\u00e0 ne pas juger<\/strong> <span style=\"color: #333333;\">vos paroles ou vos actes.<\/span><\/p>\n<p style=\"text-align: justify;\"><span style=\"color: #333333;\">&gt; \u00c0<\/span> <strong>respecter<\/strong> <span style=\"color: #333333;\">le secret professionnel, votre int\u00e9grit\u00e9 corporelle et psychologique.<\/span><\/p>\n<p style=\"text-align: justify;\"><span style=\"color: #333333;\">&gt; \u00c0<\/span> <strong>mettre en oeuvre tous les moyens \u00e0 ma disposition<\/strong> <span style=\"color: #333333;\">afin de tendre vers la r\u00e9alisation de vos objectifs.<\/span><\/p>\n<p style=\"text-align: justify;\"><span style=\"color: #333333;\">&gt; \u00c0<\/span> <strong>m\u2019investir \u00e0 100%<\/strong> <span style=\"color: #333333;\">chaque minute de votre s\u00e9ance et ne pas couper une s\u00e9ance en plein milieu juste parce que \u201cc\u2019est l\u2019heure\u201d.<\/span><\/p>\n<p>[\/et_pb_text][\/et_pb_column][et_pb_column type=\u00a0\u00bb1_2&Prime; _builder_version=\u00a0\u00bb4.4.8&Prime;][et_pb_text _builder_version=\u00a0\u00bb4.4.8&Prime; text_text_color=\u00a0\u00bb#048abf\u00a0\u00bb text_font_size=\u00a0\u00bb16px\u00a0\u00bb header_2_text_color=\u00a0\u00bb#54bfb5&Prime; hover_enabled=\u00a0\u00bb0&Prime;]<\/p>\n<h2>Vous vous engagez :<\/h2>\n<p style=\"text-align: justify;\"><span style=\"color: #333333;\">&gt; \u00c0<\/span> <strong>informer votre m\u00e9decin<\/strong> <span style=\"color: #333333;\">traitant de vos s\u00e9ances d\u2019hypnose si vous \u00eates suivi.<\/span><\/p>\n<p style=\"text-align: justify;\"><span style=\"color: #333333;\">&gt; \u00c0 me tenir<\/span> <strong>inform\u00e9e d\u2019\u00e9ventuels traitements m\u00e9dicamenteux<\/strong> <span style=\"color: #333333;\">d\u00e8s la premi\u00e8re s\u00e9ance.<\/span><\/p>\n<p style=\"text-align: justify;\"><span style=\"color: #333333;\">&gt; \u00c0<\/span> <strong>\u00eatre honn\u00eate<\/strong> <span style=\"color: #333333;\">avec vous-m\u00eame et avec moi, je ne suis pas l\u00e0 pour vous juger mais pour vous aider.<\/span><\/p>\n<p style=\"text-align: justify;\"><span style=\"color: #333333;\">&gt; \u00c0<\/span> <strong>mettre en place les actions et exercices<\/strong> <span style=\"color: #333333;\">propos\u00e9s pour avancer dans votre d\u00e9marche personnelle, pendant et entre les s\u00e9ances.<\/span><\/p>\n<p style=\"text-align: justify;\"><span style=\"color: #333333;\">&gt; \u00c0<\/span> <strong>tout mettre en oeuvre<\/strong> <span style=\"color: #333333;\">pour r\u00e9aliser votre objectif. Le changement n\u00e9cessite votre implication totale,<\/span><strong> l\u2019hypnose n\u2019est pas une baguette magique.<\/strong><\/p>\n<p>[\/et_pb_text][\/et_pb_column][\/et_pb_row][et_pb_row _builder_version=\u00a0\u00bb4.4.8&Prime;][et_pb_column type=\u00a0\u00bb4_4&Prime; _builder_version=\u00a0\u00bb4.4.8&Prime;][et_pb_image src=\u00a0\u00bbhttp:\/\/valeriemarlienhypnose.fr\/wp-content\/uploads\/2021\/02\/welcome-votre-se\u0301ance-copie.jpg\u00a0\u00bb title_text=\u00a0\u00bbwelcome votre se\u0301ance &#8211; copie\u00a0\u00bb align=\u00a0\u00bbcenter\u00a0\u00bb _builder_version=\u00a0\u00bb4.4.8&Prime; max_width=\u00a0\u00bb49%\u00a0\u00bb][\/et_pb_image][\/et_pb_column][\/et_pb_row][\/et_pb_section]<\/p>\n","protected":false},"excerpt":{"rendered":"<p>[et_pb_section fb_built=\u00a0\u00bb1&Prime; next_background_color=\u00a0\u00bb#ffffff\u00a0\u00bb _builder_version=\u00a0\u00bb4.4.8&Prime; background_enable_color=\u00a0\u00bboff\u00a0\u00bb use_background_color_gradient=\u00a0\u00bbon\u00a0\u00bb background_color_gradient_start=\u00a0\u00bbrgba(0,0,0,0)\u00a0\u00bb background_color_gradient_end=\u00a0\u00bbrgba(0,0,0,0)\u00a0\u00bb background_color_gradient_type=\u00a0\u00bbradial\u00a0\u00bb background_color_gradient_direction_radial=\u00a0\u00bbtop left\u00a0\u00bb background_color_gradient_start_position=\u00a0\u00bb50%\u00a0\u00bb background_color_gradient_overlays_image=\u00a0\u00bbon\u00a0\u00bb background_image=\u00a0\u00bbhttp:\/\/valeriemarlienhypnose.fr\/wp-content\/uploads\/2021\/02\/votre-seance.jpg\u00a0\u00bb custom_margin=\u00a0\u00bb||||false\u00a0\u00bb custom_padding=\u00a0\u00bb3vw||1vw||false|false\u00a0\u00bb bottom_divider_style=\u00a0\u00bbcurve\u00a0\u00bb bottom_divider_height=\u00a0\u00bb2.5vw\u00a0\u00bb][et_pb_row _builder_version=\u00a0\u00bb3.25&Prime; animation_style=\u00a0\u00bbfade\u00a0\u00bb][et_pb_column type=\u00a0\u00bb4_4&Prime; _builder_version=\u00a0\u00bb3.25&Prime; custom_padding=\u00a0\u00bb|||\u00a0\u00bb custom_padding__hover=\u00a0\u00bb|||\u00a0\u00bb][et_pb_text _builder_version=\u00a0\u00bb4.4.8&Prime; text_font=\u00a0\u00bb||||||||\u00a0\u00bb text_font_size=\u00a0\u00bb18px\u00a0\u00bb text_line_height=\u00a0\u00bb2em\u00a0\u00bb header_font=\u00a0\u00bbMontserrat|300|||||||\u00a0\u00bb header_font_size=\u00a0\u00bb50px\u00a0\u00bb header_line_height=\u00a0\u00bb1.4em\u00a0\u00bb text_orientation=\u00a0\u00bbcenter\u00a0\u00bb max_width=\u00a0\u00bb700px\u00a0\u00bb module_alignment=\u00a0\u00bbcenter\u00a0\u00bb header_font_size_tablet=\u00a0\u00bb40px\u00a0\u00bb header_font_size_phone=\u00a0\u00bb32px\u00a0\u00bb header_font_size_last_edited=\u00a0\u00bbon|desktop\u00a0\u00bb] Votre s\u00e9ance au cabinet &nbsp; [\/et_pb_text][\/et_pb_column][\/et_pb_row][\/et_pb_section][et_pb_section fb_built=\u00a0\u00bb1&Prime; admin_label=\u00a0\u00bbAbout Me\u00a0\u00bb _builder_version=\u00a0\u00bb3.22&Prime;][et_pb_row column_structure=\u00a0\u00bb1_4,3_4&Prime; use_custom_gutter=\u00a0\u00bbon\u00a0\u00bb padding_top_bottom_link_2=\u00a0\u00bbtrue\u00a0\u00bb padding_left_right_link_2=\u00a0\u00bbtrue\u00a0\u00bb _builder_version=\u00a0\u00bb4.4.8&Prime; max_width=\u00a0\u00bb80%\u00a0\u00bb module_alignment=\u00a0\u00bbcenter\u00a0\u00bb custom_margin=\u00a0\u00bb|0px||\u00a0\u00bb [&hellip;]<\/p>\n","protected":false},"author":1,"featured_media":0,"parent":0,"menu_order":0,"comment_status":"closed","ping_status":"closed","template":"","meta":{"_et_pb_use_builder":"on","_et_pb_old_content":"","_et_gb_content_width":""},"aioseo_notices":[],"_links":{"self":[{"href":"https:\/\/valeriemarlienhypnose.fr\/index.php\/wp-json\/wp\/v2\/pages\/116"}],"collection":[{"href":"https:\/\/valeriemarlienhypnose.fr\/index.php\/wp-json\/wp\/v2\/pages"}],"about":[{"href":"https:\/\/valeriemarlienhypnose.fr\/index.php\/wp-json\/wp\/v2\/types\/page"}],"author":[{"embeddable":true,"href":"https:\/\/valeriemarlienhypnose.fr\/index.php\/wp-json\/wp\/v2\/users\/1"}],"replies":[{"embeddable":true,"href":"https:\/\/valeriemarlienhypnose.fr\/index.php\/wp-json\/wp\/v2\/comments?post=116"}],"version-history":[{"count":43,"href":"https:\/\/valeriemarlienhypnose.fr\/index.php\/wp-json\/wp\/v2\/pages\/116\/revisions"}],"predecessor-version":[{"id":1613,"href":"https:\/\/valeriemarlienhypnose.fr\/index.php\/wp-json\/wp\/v2\/pages\/116\/revisions\/1613"}],"wp:attachment":[{"href":"https:\/\/valeriemarlienhypnose.fr\/index.php\/wp-json\/wp\/v2\/media?parent=116"}],"curies":[{"name":"wp","href":"https:\/\/api.w.org\/{rel}","templated":true}]}}