{"id":288,"date":"2020-11-27T19:11:36","date_gmt":"2020-11-27T18:11:36","guid":{"rendered":"http:\/\/valeriemarlienhypnose.fr\/?page_id=288"},"modified":"2021-06-10T09:52:59","modified_gmt":"2021-06-10T07:52:59","slug":"phobies","status":"publish","type":"page","link":"https:\/\/valeriemarlienhypnose.fr\/index.php\/phobies\/","title":{"rendered":"Peurs\/Phobies"},"content":{"rendered":"<p>[et_pb_section fb_built=\u00a0\u00bb1&Prime; next_background_color=\u00a0\u00bb#ffffff\u00a0\u00bb _builder_version=\u00a0\u00bb4.4.8&Prime; use_background_color_gradient=\u00a0\u00bbon\u00a0\u00bb background_color_gradient_start=\u00a0\u00bbrgba(0,0,0,0)\u00a0\u00bb background_color_gradient_end=\u00a0\u00bbrgba(255,227,208,0.3)\u00a0\u00bb background_color_gradient_type=\u00a0\u00bbradial\u00a0\u00bb background_color_gradient_direction_radial=\u00a0\u00bbtop left\u00a0\u00bb background_color_gradient_start_position=\u00a0\u00bb50%\u00a0\u00bb background_color_gradient_overlays_image=\u00a0\u00bbon\u00a0\u00bb background_image=\u00a0\u00bbhttp:\/\/valeriemarlienhypnose.fr\/wp-content\/uploads\/2021\/02\/PHOBIES-arbres.jpg\u00a0\u00bb custom_margin=\u00a0\u00bb||||false\u00a0\u00bb custom_padding=\u00a0\u00bb3vw||1vw||false|false\u00a0\u00bb bottom_divider_style=\u00a0\u00bbcurve\u00a0\u00bb bottom_divider_height=\u00a0\u00bb2.5vw\u00a0\u00bb][et_pb_row _builder_version=\u00a0\u00bb3.25&Prime; animation_style=\u00a0\u00bbfade\u00a0\u00bb][et_pb_column type=\u00a0\u00bb4_4&Prime; _builder_version=\u00a0\u00bb3.25&Prime; custom_padding=\u00a0\u00bb|||\u00a0\u00bb custom_padding__hover=\u00a0\u00bb|||\u00a0\u00bb][et_pb_text _builder_version=\u00a0\u00bb4.4.8&Prime; text_font=\u00a0\u00bb||||||||\u00a0\u00bb text_font_size=\u00a0\u00bb18px\u00a0\u00bb text_line_height=\u00a0\u00bb2em\u00a0\u00bb header_font=\u00a0\u00bbMontserrat|300|||||||\u00a0\u00bb header_font_size=\u00a0\u00bb50px\u00a0\u00bb header_line_height=\u00a0\u00bb1.4em\u00a0\u00bb text_orientation=\u00a0\u00bbcenter\u00a0\u00bb max_width=\u00a0\u00bb700px\u00a0\u00bb module_alignment=\u00a0\u00bbcenter\u00a0\u00bb header_font_size_tablet=\u00a0\u00bb40px\u00a0\u00bb header_font_size_phone=\u00a0\u00bb32px\u00a0\u00bb header_font_size_last_edited=\u00a0\u00bbon|desktop\u00a0\u00bb]<\/p>\n<h1><span color=\"#54bfb5\" style=\"color: #54bfb5;\"><b><\/b><\/span><\/h1>\n<h1><span color=\"#54bfb5\" style=\"color: #54bfb5;\"><b><\/b><\/span><\/h1>\n<h1><span color=\"#54bfb5\" style=\"color: #54bfb5;\"><b><\/b><\/span><\/h1>\n<h1><span color=\"#54bfb5\" style=\"color: #54bfb5;\"><b><\/b><\/span><\/h1>\n<h1><span color=\"#54bfb5\" style=\"color: #54bfb5;\"><b>PEURS\/PHOBIES<\/b><\/span><\/h1>\n<p>&nbsp;<\/p>\n<p>[\/et_pb_text][\/et_pb_column][\/et_pb_row][\/et_pb_section][et_pb_section fb_built=\u00a0\u00bb1&Prime; admin_label=\u00a0\u00bbAbout Me\u00a0\u00bb _builder_version=\u00a0\u00bb3.22&Prime;][et_pb_row column_structure=\u00a0\u00bb1_3,2_3&Prime; use_custom_gutter=\u00a0\u00bbon\u00a0\u00bb padding_top_bottom_link_2=\u00a0\u00bbtrue\u00a0\u00bb padding_left_right_link_2=\u00a0\u00bbtrue\u00a0\u00bb _builder_version=\u00a0\u00bb4.4.8&Prime; max_width=\u00a0\u00bb80%\u00a0\u00bb module_alignment=\u00a0\u00bbcenter\u00a0\u00bb custom_margin=\u00a0\u00bb|0px||\u00a0\u00bb custom_margin_tablet=\u00a0\u00bb|10%||10%||true\u00a0\u00bb custom_margin_phone=\u00a0\u00bb\u00a0\u00bb custom_margin_last_edited=\u00a0\u00bbon|tablet\u00a0\u00bb custom_padding=\u00a0\u00bb38px|0px|0|0px|false|false\u00a0\u00bb use_custom_width=\u00a0\u00bbon\u00a0\u00bb width_unit=\u00a0\u00bboff\u00a0\u00bb][et_pb_column type=\u00a0\u00bb1_3&Prime; _builder_version=\u00a0\u00bb3.25&Prime; custom_padding=\u00a0\u00bb|||\u00a0\u00bb custom_padding__hover=\u00a0\u00bb|||\u00a0\u00bb][et_pb_text _builder_version=\u00a0\u00bb4.4.8&Prime; text_font=\u00a0\u00bb||||||||\u00a0\u00bb text_font_size=\u00a0\u00bb16px\u00a0\u00bb text_line_height=\u00a0\u00bb2em\u00a0\u00bb header_font=\u00a0\u00bb||||||||\u00a0\u00bb header_2_font=\u00a0\u00bbMontserrat|300|||||||\u00a0\u00bb header_2_font_size=\u00a0\u00bb40px\u00a0\u00bb header_2_line_height=\u00a0\u00bb1.4em\u00a0\u00bb header_5_font=\u00a0\u00bb||||||||\u00a0\u00bb header_5_text_color=\u00a0\u00bb#7f8dff\u00a0\u00bb header_5_line_height=\u00a0\u00bb2em\u00a0\u00bb max_width=\u00a0\u00bb700px\u00a0\u00bb header_2_font_size_tablet=\u00a0\u00bb\u00a0\u00bb header_2_font_size_phone=\u00a0\u00bb30px\u00a0\u00bb header_2_font_size_last_edited=\u00a0\u00bbon|phone\u00a0\u00bb locked=\u00a0\u00bboff\u00a0\u00bb]<\/p>\n<h2><span style=\"color: #54bfb5;\"><strong>Peurs, phobies se lib\u00e9rer avec l&rsquo;hypnose<\/strong><\/span><\/h2>\n<h5><\/h5>\n<p>&nbsp;<\/p>\n<p>[\/et_pb_text][et_pb_image src=\u00a0\u00bbhttp:\/\/valeriemarlienhypnose.fr\/wp-content\/uploads\/2021\/02\/PEUR-de\u0301co-oeil-.jpg\u00a0\u00bb title_text=\u00a0\u00bbPEUR de\u0301co oeil\u00a0\u00bb _builder_version=\u00a0\u00bb4.4.8&Prime;][\/et_pb_image][\/et_pb_column][et_pb_column type=\u00a0\u00bb2_3&Prime; _builder_version=\u00a0\u00bb3.25&Prime; custom_padding=\u00a0\u00bb|||\u00a0\u00bb custom_padding__hover=\u00a0\u00bb|||\u00a0\u00bb][et_pb_text _builder_version=\u00a0\u00bb4.4.8&Prime; text_font=\u00a0\u00bb||||||||\u00a0\u00bb text_text_color=\u00a0\u00bb#048abf\u00a0\u00bb text_font_size=\u00a0\u00bb16px\u00a0\u00bb text_line_height=\u00a0\u00bb2em\u00a0\u00bb header_font=\u00a0\u00bb||||||||\u00a0\u00bb header_2_font=\u00a0\u00bbMontserrat|300|||||||\u00a0\u00bb header_2_font_size=\u00a0\u00bb40px\u00a0\u00bb header_2_line_height=\u00a0\u00bb1.4em\u00a0\u00bb header_5_font=\u00a0\u00bb||||||||\u00a0\u00bb header_5_text_color=\u00a0\u00bb#7f8dff\u00a0\u00bb header_5_line_height=\u00a0\u00bb2em\u00a0\u00bb max_width=\u00a0\u00bb700px\u00a0\u00bb header_2_font_size_tablet=\u00a0\u00bb\u00a0\u00bb header_2_font_size_phone=\u00a0\u00bb30px\u00a0\u00bb header_2_font_size_last_edited=\u00a0\u00bbon|phone\u00a0\u00bb locked=\u00a0\u00bboff\u00a0\u00bb]<\/p>\n<p style=\"text-align: justify;\"><span style=\"color: #333333;\">Vous sentez des<\/span> <strong>peurs qui vous bloquent<\/strong> <span style=\"color: #333333;\">dans vos choix de vie, vous<\/span> <strong>limitent<\/strong> <span style=\"color: #333333;\">dans votre \u00e9panouissement et vous<\/span> <strong>emp\u00eachent de profiter pleinement<\/strong> <span style=\"color: #333333;\">de vos relations \u00a0?<\/span><\/p>\n<p style=\"text-align: justify;\"><span style=\"color: #333333;\">Vous vous sentez<\/span> <strong>prisonniers de ces peurs<\/strong> <span style=\"color: #333333;\">qui vous emp\u00eachent de vivre la vie dont vous r\u00eavez\u00a0?<\/span><\/p>\n<p style=\"text-align: justify;\"><span style=\"color: #333333;\">\u00a0Malgr\u00e9 toutes<\/span> <strong>les pens\u00e9es rationnelles<\/strong> <span style=\"color: #333333;\">que vous connaissez par c\u0153ur,<\/span> <strong>vous ne pouvez vous emp\u00eacher d\u2019\u00eatre t\u00e9tanis\u00e9<\/strong> <span style=\"color: #333333;\">\u00e0 l\u2019id\u00e9e de prendre l\u2019avion, de conduire sur un autoroute ; vous<\/span> <strong>tremblez et fuyez<\/strong> <span style=\"color: #333333;\">d\u00e8s que vous croisez un chien, une abeille, une araign\u00e9e, un serpent (ou m\u00eame juste son id\u00e9e) \u2026<\/span><\/p>\n<p style=\"text-align: justify;\"><span style=\"color: #333333;\">Et<\/span> c<strong>es peurs, ces phobies restrignent votre vie<\/strong> <span style=\"color: #333333;\">et vous aimeriez pouvoir<\/span> <strong>choisir<\/strong> <span style=\"color: #333333;\">ce que vous \u00eates, et peut \u00eatre m\u00eame vivre de belles aventures\u00a0!<\/span><\/p>\n<p>&nbsp;<\/p>\n<p>[\/et_pb_text][et_pb_button button_url=\u00a0\u00bbhttps:\/\/valeriemarlienhypnose.fr\/index.php\/prendre-rendez-vous\/\u00a0\u00bb url_new_window=\u00a0\u00bbon\u00a0\u00bb button_text=\u00a0\u00bbPrendre Rendez-Vous\u00a0\u00bb button_alignment=\u00a0\u00bbcenter\u00a0\u00bb _builder_version=\u00a0\u00bb4.4.8&Prime; custom_button=\u00a0\u00bbon\u00a0\u00bb button_text_size=\u00a0\u00bb14px\u00a0\u00bb button_text_color=\u00a0\u00bb#ffffff\u00a0\u00bb button_bg_color=\u00a0\u00bb#54bfb5&Prime; button_border_color=\u00a0\u00bbrgba(0,0,0,0)\u00a0\u00bb button_border_radius=\u00a0\u00bb100px\u00a0\u00bb button_letter_spacing=\u00a0\u00bb2px\u00a0\u00bb button_font=\u00a0\u00bbMontserrat|||on|||||\u00a0\u00bb custom_padding=\u00a0\u00bb16px|30px|16px|30px|true|true\u00a0\u00bb hover_enabled=\u00a0\u00bb0&Prime; box_shadow_style=\u00a0\u00bbpreset3&Prime; box_shadow_color=\u00a0\u00bbrgba(127,141,255,0.4)\u00a0\u00bb button_letter_spacing_hover=\u00a0\u00bb2px\u00a0\u00bb button_text_size__hover_enabled=\u00a0\u00bboff\u00a0\u00bb button_one_text_size__hover_enabled=\u00a0\u00bboff\u00a0\u00bb button_two_text_size__hover_enabled=\u00a0\u00bboff\u00a0\u00bb button_text_color__hover_enabled=\u00a0\u00bboff\u00a0\u00bb button_one_text_color__hover_enabled=\u00a0\u00bboff\u00a0\u00bb button_two_text_color__hover_enabled=\u00a0\u00bboff\u00a0\u00bb button_border_width__hover_enabled=\u00a0\u00bboff\u00a0\u00bb button_one_border_width__hover_enabled=\u00a0\u00bboff\u00a0\u00bb button_two_border_width__hover_enabled=\u00a0\u00bboff\u00a0\u00bb button_border_color__hover_enabled=\u00a0\u00bboff\u00a0\u00bb button_one_border_color__hover_enabled=\u00a0\u00bboff\u00a0\u00bb button_two_border_color__hover_enabled=\u00a0\u00bboff\u00a0\u00bb button_border_radius__hover_enabled=\u00a0\u00bboff\u00a0\u00bb button_one_border_radius__hover_enabled=\u00a0\u00bboff\u00a0\u00bb button_two_border_radius__hover_enabled=\u00a0\u00bboff\u00a0\u00bb button_letter_spacing__hover_enabled=\u00a0\u00bbon\u00a0\u00bb button_letter_spacing__hover=\u00a0\u00bb2px\u00a0\u00bb button_one_letter_spacing__hover_enabled=\u00a0\u00bboff\u00a0\u00bb button_two_letter_spacing__hover_enabled=\u00a0\u00bboff\u00a0\u00bb button_bg_color__hover_enabled=\u00a0\u00bboff\u00a0\u00bb button_one_bg_color__hover_enabled=\u00a0\u00bboff\u00a0\u00bb button_two_bg_color__hover_enabled=\u00a0\u00bboff\u00a0\u00bb][\/et_pb_button][\/et_pb_column][\/et_pb_row][et_pb_row _builder_version=\u00a0\u00bb4.4.8&Prime;][et_pb_column type=\u00a0\u00bb4_4&Prime; _builder_version=\u00a0\u00bb4.4.8&Prime;][et_pb_text _builder_version=\u00a0\u00bb4.4.8&Prime; text_font=\u00a0\u00bb||||||||\u00a0\u00bb text_font_size=\u00a0\u00bb27px\u00a0\u00bb text_line_height=\u00a0\u00bb2em\u00a0\u00bb header_font=\u00a0\u00bb||||||||\u00a0\u00bb header_2_font=\u00a0\u00bbMontserrat|300|||||||\u00a0\u00bb header_2_font_size=\u00a0\u00bb40px\u00a0\u00bb header_2_line_height=\u00a0\u00bb1.4em\u00a0\u00bb header_5_font=\u00a0\u00bb||||||||\u00a0\u00bb header_5_text_color=\u00a0\u00bb#7f8dff\u00a0\u00bb header_5_line_height=\u00a0\u00bb2em\u00a0\u00bb max_width=\u00a0\u00bb700px\u00a0\u00bb header_2_font_size_tablet=\u00a0\u00bb\u00a0\u00bb header_2_font_size_phone=\u00a0\u00bb30px\u00a0\u00bb header_2_font_size_last_edited=\u00a0\u00bbon|phone\u00a0\u00bb locked=\u00a0\u00bboff\u00a0\u00bb]<\/p>\n<h1><span style=\"color: #54bfb5;\"><strong>Faire la diff\u00e9rence entre peurs et\u00a0 phobies<\/strong><\/span><\/h1>\n<p>[\/et_pb_text][\/et_pb_column][\/et_pb_row][et_pb_row column_structure=\u00a0\u00bb1_2,1_2&Prime; use_custom_gutter=\u00a0\u00bbon\u00a0\u00bb padding_top_bottom_link_2=\u00a0\u00bbtrue\u00a0\u00bb padding_left_right_link_2=\u00a0\u00bbtrue\u00a0\u00bb _builder_version=\u00a0\u00bb4.4.8&Prime; max_width=\u00a0\u00bb80%\u00a0\u00bb module_alignment=\u00a0\u00bbcenter\u00a0\u00bb min_height=\u00a0\u00bb1384px\u00a0\u00bb custom_margin=\u00a0\u00bb|0px||\u00a0\u00bb custom_margin_tablet=\u00a0\u00bb|10%||10%||true\u00a0\u00bb custom_margin_phone=\u00a0\u00bb\u00a0\u00bb custom_margin_last_edited=\u00a0\u00bbon|tablet\u00a0\u00bb custom_padding=\u00a0\u00bb15px|0px|0|0px|false|false\u00a0\u00bb use_custom_width=\u00a0\u00bbon\u00a0\u00bb width_unit=\u00a0\u00bboff\u00a0\u00bb][et_pb_column type=\u00a0\u00bb1_2&Prime; _builder_version=\u00a0\u00bb3.25&Prime; custom_padding=\u00a0\u00bb|||\u00a0\u00bb custom_padding__hover=\u00a0\u00bb|||\u00a0\u00bb][et_pb_text _builder_version=\u00a0\u00bb4.4.8&Prime; text_font=\u00a0\u00bb||||||||\u00a0\u00bb text_text_color=\u00a0\u00bb#048abf\u00a0\u00bb text_font_size=\u00a0\u00bb16px\u00a0\u00bb text_line_height=\u00a0\u00bb2em\u00a0\u00bb header_font=\u00a0\u00bb||||||||\u00a0\u00bb header_2_font=\u00a0\u00bbMontserrat|300|||||||\u00a0\u00bb header_2_font_size=\u00a0\u00bb40px\u00a0\u00bb header_2_line_height=\u00a0\u00bb1.4em\u00a0\u00bb header_5_font=\u00a0\u00bb||||||||\u00a0\u00bb header_5_text_color=\u00a0\u00bb#7f8dff\u00a0\u00bb header_5_line_height=\u00a0\u00bb2em\u00a0\u00bb max_width=\u00a0\u00bb700px\u00a0\u00bb header_2_font_size_tablet=\u00a0\u00bb\u00a0\u00bb header_2_font_size_phone=\u00a0\u00bb30px\u00a0\u00bb header_2_font_size_last_edited=\u00a0\u00bbon|phone\u00a0\u00bb locked=\u00a0\u00bboff\u00a0\u00bb]<\/p>\n<h1><strong><span color=\"#54bfb5\" style=\"color: #54bfb5;\">Les peurs :<\/span><\/strong><\/h1>\n<p style=\"text-align: justify;\"><span style=\"color: #333333;\">La peur est une<\/span> <strong>\u00e9motion vive et intense ressentie face \u00e0 un danger ou une menace. <\/strong>L<span style=\"color: #333333;\">a peur est une r\u00e9action\u00a0<\/span><strong>naturelle et utile<\/strong>.\u00a0<span style=\"color: #333333;\">Ainsi, nous sommes c\u00e2bl\u00e9s pour avoir peur\u2026 et cela<\/span> \u00a0<strong>nous maintient en vie.<\/strong><\/p>\n<p style=\"text-align: justify;\"><span style=\"color: #333333;\">Depuis la nuit des temps, nous avons 3 mani\u00e8res de r\u00e9agir face \u00e0 un danger\u00a0:<\/span>\u00a0<strong>fuir, attaquer, s\u2019immobiliser. Et c<\/strong><span style=\"color: #333333;\">ertaines peurs sont des peurs biologiques ancr\u00e9es en nous.<\/span><\/p>\n<p style=\"text-align: justify;\"><strong>Il ne s\u2019agit donc pas de ne plus avoir peur.<span style=\"color: #333333;\">\u00a0<\/span><\/strong><span style=\"color: #333333;\">Le probl\u00e8me n\u2019est souvent pas la peur en soi, mais le<\/span>\u00a0<strong>degr\u00e9 de cette peur<\/strong>.<\/p>\n<p style=\"text-align: justify;\"><em><span style=\"color: #333333;\">\u2192\u00a0Par exemple\u00a0<\/span><strong>la peur d\u2019avoir mal<\/strong> <span style=\"color: #333333;\">\u00e9vite de se mettre dans des situations o\u00f9 notre<\/span> <strong>int\u00e9grit\u00e9 physique pourrait \u00eatre menac\u00e9e,<\/strong>\u00a0ce qui est plut\u00f4t bien !\u00a0<span style=\"color: #333333;\">Par contre, si cette peur est \u00e0 un<\/span> <strong>degr\u00e9 trop \u00e9lev\u00e9,<\/strong> <span style=\"color: #333333;\">elle emp\u00eache de sortir de chez soi et de profiter des plaisirs de la vie et l\u00e0 c\u2019est<\/span> <strong>handicapant.<\/strong><\/em><\/p>\n<p style=\"text-align: justify;\"><em><span style=\"color: #333333;\">\u00a0\u2192 La peur d\u2019avoir un<\/span> <strong>accident de voiture<\/strong> <span style=\"color: #333333;\">est<\/span> <strong>n\u00e9cessaire pour ne pas<\/strong> <span style=\"color: #333333;\">rouler \u00e0 \u00ab\u00a0tombeau ouvert\u00a0\u00bb et<\/span> <strong>se mettre en danger.<\/strong> <span style=\"color: #333333;\">Mais si cette peur prend trop de place et qu\u2019<\/span><strong>on ne sort plus de chez soi,<\/strong><span style=\"color: #333333;\">\u00a0fini les belles aventures ou ce nouveau travail qui nous plairait tant.<\/span><\/em><\/p>\n<p style=\"text-align: justify;\"><span style=\"color: #333333;\">Ainsi, \u00e0 un moment donn\u00e9, notre cerveau a cr\u00e9\u00e9 un lien entre un \u00ab\u00a0objet\u00a0\u00bb et une \u00e9motion, la peur.\u00a0<\/span><strong>Il a appris<\/strong>\u00a0<span style=\"color: #333333;\">que dans certaines situations ou avec certaines personnes ou type de personne, la peur se d\u00e9clenche.\u00a0<\/span><\/p>\n<p style=\"text-align: justify;\"><span style=\"color: #333333;\">Notre cerveau est<\/span>\u00a0<strong>le champion pour cr\u00e9er des liens, des associations d\u2019id\u00e9es<\/strong>\u00a0<span style=\"color: #333333;\">entre des choses qui n\u2019ont rien \u00e0 voir, et \u00e0 notre insu.<\/span><span style=\"color: #333333;\">.<\/span><\/p>\n<p style=\"text-align: justify;\"><span style=\"color: #333333;\">De plus, ce fonctionnement est le m\u00eame depuis la nuit des temps alors que nos<\/span> <strong>peurs d\u2019aujourd\u2019hui sont diff\u00e9rentes qu\u2019\u00e0 l\u2019\u00e9poque de la pr\u00e9histoire<\/strong> <span style=\"color: #333333;\">\u2026 nous ne rencontrons pas des tigres \u00e0 dents de sabre tous les jours\u00a0!<\/span><\/p>\n<p style=\"text-align: justify;\"><span style=\"color: #333333;\">Alors, ces peurs paraissent sans objets, et \u00a0<\/span>s<strong>e cristallisent sur des r\u00e9actions internes souvent li\u00e9es \u00e0 l\u2019image de soi<\/strong> <span style=\"color: #333333;\">et la confiance en soi (peur de l\u2019\u00e9chec, de la r\u00e9ussite, de l\u2019abandon, du rejet, de manquer, du vide etc.).<\/span><\/p>\n<p style=\"text-align: justify;\"><strong>Savoir comment le cerveau a appris \u00e0 avoir peur<\/strong> <span style=\"color: #333333;\">est un<\/span> <strong>axe de travail simple et efficace<\/strong> <span style=\"color: #333333;\">pour lui d\u00e9sapprendre les liens inutiles.<\/span><\/p>\n<p>[\/et_pb_text][\/et_pb_column][et_pb_column type=\u00a0\u00bb1_2&Prime; _builder_version=\u00a0\u00bb3.25&Prime; custom_padding=\u00a0\u00bb|||\u00a0\u00bb custom_padding__hover=\u00a0\u00bb|||\u00a0\u00bb][et_pb_text _builder_version=\u00a0\u00bb4.4.8&Prime; text_font=\u00a0\u00bb||||||||\u00a0\u00bb text_text_color=\u00a0\u00bb#048abf\u00a0\u00bb text_font_size=\u00a0\u00bb16px\u00a0\u00bb text_line_height=\u00a0\u00bb2em\u00a0\u00bb header_font=\u00a0\u00bb||||||||\u00a0\u00bb header_2_font=\u00a0\u00bbMontserrat|300|||||||\u00a0\u00bb header_2_font_size=\u00a0\u00bb40px\u00a0\u00bb header_2_line_height=\u00a0\u00bb1.4em\u00a0\u00bb header_5_font=\u00a0\u00bb||||||||\u00a0\u00bb header_5_text_color=\u00a0\u00bb#7f8dff\u00a0\u00bb header_5_line_height=\u00a0\u00bb2em\u00a0\u00bb max_width=\u00a0\u00bb700px\u00a0\u00bb header_2_font_size_tablet=\u00a0\u00bb\u00a0\u00bb header_2_font_size_phone=\u00a0\u00bb30px\u00a0\u00bb header_2_font_size_last_edited=\u00a0\u00bbon|phone\u00a0\u00bb locked=\u00a0\u00bboff\u00a0\u00bb]<\/p>\n<h1><strong><span color=\"#54bfb5\" style=\"color: #54bfb5;\">Les phobies :<\/span><\/strong><\/h1>\n<p style=\"text-align: justify;\"><span style=\"color: #333333;\">\u00ab\u00a0C\u2019est pas la petite b\u00eate qui va manger la grande\u00a0\u00bb\u00a0<\/span><span style=\"color: #333333;\">\u00ab\u00a0Statistiquement on a plus de chance d\u2019avoir un accident de voiture que d\u2019avion \u2026\u00a0\u00bb &#8230; Qui n\u2019a pas entendu \u00e7a\u00a0?\u00a0<\/span><span style=\"color: #333333;\">Mais<\/span> <strong>quelque chose d\u2019irrationnel agit<\/strong> <span style=\"color: #333333;\">et vous fait entrer dans un \u00e9tat de panique d\u00e8s l\u2019\u00e9vocation \u2026 du serpent, du chien, des araign\u00e9es, d\u2019un voyage en avion.<\/span><\/p>\n<p style=\"text-align: justify;\"><span style=\"color: #333333;\">Mais\u00a0alors, quelle diff\u00e9rence entre une peur et une phobie ?<\/span><\/p>\n<p style=\"text-align: justify;\"><span style=\"color: #333333;\">Une phobie est un<\/span> <strong>bug de l\u2019amygdale,<\/strong> <span style=\"color: #333333;\">cette partie de notre cerveau qui g\u00e8re la survie.<\/span>\u00a0<strong>L\u2019amygdale s\u2019active alors en permanence et sur-v\u00e9rifie tout<\/strong> <span style=\"color: #333333;\">ce qui passe autour de nous et qui peut \u00eatre per\u00e7u comme dangereux. D\u2019une certaine mani\u00e8re<\/span> <strong>elle fait trop bien son travail.<\/strong><\/p>\n<p style=\"text-align: justify;\"><span style=\"color: #333333;\">\u00a0Lorsque l\u2019amygdale \u00ab\u00a0bug\u00a0\u00bb elle a tendance \u00e0<\/span> <strong>attribuer \u00e0 un objet<\/strong> <span style=\"color: #333333;\">(avion) ou une<\/span> <strong>situation<\/strong> <span style=\"color: #333333;\">(monter en haut de la tour)<\/span> <strong>un sentiment de danger de mort imminent et \u00e0 d\u00e9clencher la r\u00e9action de panique<\/strong> <span style=\"color: #333333;\">(avec des sensations physiques, sueurs, palpitations).<\/span><\/p>\n<p style=\"text-align: justify;\"><span style=\"color: #333333;\">Avec l\u2019hypnose, il s\u2019agit alors de<\/span> <strong>r\u00e9activer le travail de l\u2019amydgale boqu\u00e9e<\/strong> <span style=\"color: #333333;\">pour relancer le circuit de retraitement de la peur de fa\u00e7on plus adapt\u00e9e.<\/span><\/p>\n<p style=\"text-align: justify;\"><span style=\"color: #333333;\"><em>\u2192 J\u2019ai par exemple rencontr\u00e9 une jeune femme qui avait une peur irrationnelle des serpents. Elle ne pouvait pas envisager de voyage avec son amoureux ou m\u00eame de balades en pleine nature. Le simple mot la faisait trembler, pleurer pour finalement fuir et se cacher. Apr\u00e8s une s\u00e9ance de travail, elle pouvait regarder des photos de serpents et m\u00eame les liker sur internet.<\/em><\/span><\/p>\n<p style=\"text-align: justify;\"><span style=\"color: #333333;\">Evid\u00e9ment, on ne dit pas qu\u2019on va faire des bisous aux araign\u00e9es mais<\/span> <strong>arriver \u00e0 un niveau tol\u00e9rable voire neutre<\/strong> <span style=\"color: #333333;\">afin que la vie ne soit plus limit\u00e9e.<\/span><\/p>\n<p>[\/et_pb_text][\/et_pb_column][\/et_pb_row][et_pb_row _builder_version=\u00a0\u00bb4.4.8&Prime; width=\u00a0\u00bb67%\u00a0\u00bb max_width=\u00a0\u00bb1057px\u00a0\u00bb module_alignment=\u00a0\u00bbright\u00a0\u00bb][et_pb_column type=\u00a0\u00bb4_4&Prime; _builder_version=\u00a0\u00bb4.4.8&Prime;][et_pb_image src=\u00a0\u00bbhttp:\/\/valeriemarlienhypnose.fr\/wp-content\/uploads\/2021\/03\/phobies-steven-erixon-ZgGQCCPBKag-unsplash-copie.jpg\u00a0\u00bb title_text=\u00a0\u00bbphobies steven-erixon-ZgGQCCPBKag-unsplash &#8211; copie\u00a0\u00bb _builder_version=\u00a0\u00bb4.4.8&Prime; width=\u00a0\u00bb60%\u00a0\u00bb max_width=\u00a0\u00bb34%\u00a0\u00bb module_alignment=\u00a0\u00bbleft\u00a0\u00bb][\/et_pb_image][\/et_pb_column][\/et_pb_row][et_pb_row _builder_version=\u00a0\u00bb4.4.8&Prime;][et_pb_column type=\u00a0\u00bb4_4&Prime; _builder_version=\u00a0\u00bb4.4.8&Prime;][et_pb_button button_url=\u00a0\u00bbhttps:\/\/valeriemarlienhypnose.fr\/index.php\/prendre-rendez-vous\/\u00a0\u00bb url_new_window=\u00a0\u00bbon\u00a0\u00bb button_text=\u00a0\u00bbJe vous invite \u00e0 me contacter pour que nous puissions voir ensemble comment travailler sur votre objectif\u00a0\u00bb button_alignment=\u00a0\u00bbcenter\u00a0\u00bb _builder_version=\u00a0\u00bb4.4.8&Prime; custom_button=\u00a0\u00bbon\u00a0\u00bb button_text_color=\u00a0\u00bb#ffffff\u00a0\u00bb button_bg_color=\u00a0\u00bb#54bfb5&Prime; button_border_width=\u00a0\u00bb6px\u00a0\u00bb button_border_radius=\u00a0\u00bb37px\u00a0\u00bb locked=\u00a0\u00bboff\u00a0\u00bb][\/et_pb_button][\/et_pb_column][\/et_pb_row][\/et_pb_section]<\/p>\n","protected":false},"excerpt":{"rendered":"<p>[et_pb_section fb_built=\u00a0\u00bb1&Prime; next_background_color=\u00a0\u00bb#ffffff\u00a0\u00bb _builder_version=\u00a0\u00bb4.4.8&Prime; use_background_color_gradient=\u00a0\u00bbon\u00a0\u00bb background_color_gradient_start=\u00a0\u00bbrgba(0,0,0,0)\u00a0\u00bb background_color_gradient_end=\u00a0\u00bbrgba(255,227,208,0.3)\u00a0\u00bb background_color_gradient_type=\u00a0\u00bbradial\u00a0\u00bb background_color_gradient_direction_radial=\u00a0\u00bbtop left\u00a0\u00bb background_color_gradient_start_position=\u00a0\u00bb50%\u00a0\u00bb background_color_gradient_overlays_image=\u00a0\u00bbon\u00a0\u00bb background_image=\u00a0\u00bbhttp:\/\/valeriemarlienhypnose.fr\/wp-content\/uploads\/2021\/02\/PHOBIES-arbres.jpg\u00a0\u00bb custom_margin=\u00a0\u00bb||||false\u00a0\u00bb custom_padding=\u00a0\u00bb3vw||1vw||false|false\u00a0\u00bb bottom_divider_style=\u00a0\u00bbcurve\u00a0\u00bb bottom_divider_height=\u00a0\u00bb2.5vw\u00a0\u00bb][et_pb_row _builder_version=\u00a0\u00bb3.25&Prime; animation_style=\u00a0\u00bbfade\u00a0\u00bb][et_pb_column type=\u00a0\u00bb4_4&Prime; _builder_version=\u00a0\u00bb3.25&Prime; custom_padding=\u00a0\u00bb|||\u00a0\u00bb custom_padding__hover=\u00a0\u00bb|||\u00a0\u00bb][et_pb_text _builder_version=\u00a0\u00bb4.4.8&Prime; text_font=\u00a0\u00bb||||||||\u00a0\u00bb text_font_size=\u00a0\u00bb18px\u00a0\u00bb text_line_height=\u00a0\u00bb2em\u00a0\u00bb header_font=\u00a0\u00bbMontserrat|300|||||||\u00a0\u00bb header_font_size=\u00a0\u00bb50px\u00a0\u00bb header_line_height=\u00a0\u00bb1.4em\u00a0\u00bb text_orientation=\u00a0\u00bbcenter\u00a0\u00bb max_width=\u00a0\u00bb700px\u00a0\u00bb module_alignment=\u00a0\u00bbcenter\u00a0\u00bb header_font_size_tablet=\u00a0\u00bb40px\u00a0\u00bb header_font_size_phone=\u00a0\u00bb32px\u00a0\u00bb header_font_size_last_edited=\u00a0\u00bbon|desktop\u00a0\u00bb] PEURS\/PHOBIES &nbsp; [\/et_pb_text][\/et_pb_column][\/et_pb_row][\/et_pb_section][et_pb_section fb_built=\u00a0\u00bb1&Prime; admin_label=\u00a0\u00bbAbout Me\u00a0\u00bb _builder_version=\u00a0\u00bb3.22&Prime;][et_pb_row column_structure=\u00a0\u00bb1_3,2_3&Prime; use_custom_gutter=\u00a0\u00bbon\u00a0\u00bb padding_top_bottom_link_2=\u00a0\u00bbtrue\u00a0\u00bb padding_left_right_link_2=\u00a0\u00bbtrue\u00a0\u00bb _builder_version=\u00a0\u00bb4.4.8&Prime; max_width=\u00a0\u00bb80%\u00a0\u00bb module_alignment=\u00a0\u00bbcenter\u00a0\u00bb custom_margin=\u00a0\u00bb|0px||\u00a0\u00bb custom_margin_tablet=\u00a0\u00bb|10%||10%||true\u00a0\u00bb custom_margin_phone=\u00a0\u00bb\u00a0\u00bb custom_margin_last_edited=\u00a0\u00bbon|tablet\u00a0\u00bb custom_padding=\u00a0\u00bb38px|0px|0|0px|false|false\u00a0\u00bb [&hellip;]<\/p>\n","protected":false},"author":1,"featured_media":0,"parent":0,"menu_order":0,"comment_status":"closed","ping_status":"closed","template":"","meta":{"_et_pb_use_builder":"on","_et_pb_old_content":"<!-- wp:divi\/placeholder \/-->","_et_gb_content_width":""},"aioseo_notices":[],"_links":{"self":[{"href":"https:\/\/valeriemarlienhypnose.fr\/index.php\/wp-json\/wp\/v2\/pages\/288"}],"collection":[{"href":"https:\/\/valeriemarlienhypnose.fr\/index.php\/wp-json\/wp\/v2\/pages"}],"about":[{"href":"https:\/\/valeriemarlienhypnose.fr\/index.php\/wp-json\/wp\/v2\/types\/page"}],"author":[{"embeddable":true,"href":"https:\/\/valeriemarlienhypnose.fr\/index.php\/wp-json\/wp\/v2\/users\/1"}],"replies":[{"embeddable":true,"href":"https:\/\/valeriemarlienhypnose.fr\/index.php\/wp-json\/wp\/v2\/comments?post=288"}],"version-history":[{"count":31,"href":"https:\/\/valeriemarlienhypnose.fr\/index.php\/wp-json\/wp\/v2\/pages\/288\/revisions"}],"predecessor-version":[{"id":1605,"href":"https:\/\/valeriemarlienhypnose.fr\/index.php\/wp-json\/wp\/v2\/pages\/288\/revisions\/1605"}],"wp:attachment":[{"href":"https:\/\/valeriemarlienhypnose.fr\/index.php\/wp-json\/wp\/v2\/media?parent=288"}],"curies":[{"name":"wp","href":"https:\/\/api.w.org\/{rel}","templated":true}]}}