{"id":444,"date":"2020-11-29T10:21:28","date_gmt":"2020-11-29T09:21:28","guid":{"rendered":"http:\/\/valeriemarlienhypnose.fr\/?page_id=444"},"modified":"2023-08-02T16:20:35","modified_gmt":"2023-08-02T14:20:35","slug":"temoignages","status":"publish","type":"page","link":"https:\/\/valeriemarlienhypnose.fr\/index.php\/temoignages\/","title":{"rendered":"T\u00e9moignages"},"content":{"rendered":"<p>[et_pb_section fb_built=\u00a0\u00bb1&Prime; next_background_color=\u00a0\u00bb#ffffff\u00a0\u00bb _builder_version=\u00a0\u00bb4.4.8&Prime; use_background_color_gradient=\u00a0\u00bbon\u00a0\u00bb background_color_gradient_start=\u00a0\u00bbrgba(0,0,0,0)\u00a0\u00bb background_color_gradient_end=\u00a0\u00bbrgba(255,227,208,0.3)\u00a0\u00bb background_color_gradient_type=\u00a0\u00bbradial\u00a0\u00bb background_color_gradient_direction_radial=\u00a0\u00bbtop left\u00a0\u00bb background_color_gradient_start_position=\u00a0\u00bb50%\u00a0\u00bb background_color_gradient_overlays_image=\u00a0\u00bbon\u00a0\u00bb background_image=\u00a0\u00bbhttp:\/\/valeriemarlienhypnose.fr\/wp-content\/uploads\/2021\/03\/mains-chapelle-pexels-anna-shvets-4672717-copie.jpg\u00a0\u00bb custom_margin=\u00a0\u00bb||||false\u00a0\u00bb custom_padding=\u00a0\u00bb3vw||1vw||false|false\u00a0\u00bb bottom_divider_style=\u00a0\u00bbcurve\u00a0\u00bb bottom_divider_height=\u00a0\u00bb2.5vw\u00a0\u00bb][et_pb_row _builder_version=\u00a0\u00bb3.25&Prime; animation_style=\u00a0\u00bbfade\u00a0\u00bb][et_pb_column type=\u00a0\u00bb4_4&Prime; _builder_version=\u00a0\u00bb3.25&Prime; custom_padding=\u00a0\u00bb|||\u00a0\u00bb custom_padding__hover=\u00a0\u00bb|||\u00a0\u00bb][et_pb_text _builder_version=\u00a0\u00bb4.4.8&Prime; text_font=\u00a0\u00bb||||||||\u00a0\u00bb text_font_size=\u00a0\u00bb18px\u00a0\u00bb text_line_height=\u00a0\u00bb2em\u00a0\u00bb header_font=\u00a0\u00bbMontserrat|300|||||||\u00a0\u00bb header_font_size=\u00a0\u00bb50px\u00a0\u00bb header_line_height=\u00a0\u00bb1.4em\u00a0\u00bb text_orientation=\u00a0\u00bbcenter\u00a0\u00bb max_width=\u00a0\u00bb700px\u00a0\u00bb module_alignment=\u00a0\u00bbcenter\u00a0\u00bb header_font_size_tablet=\u00a0\u00bb40px\u00a0\u00bb header_font_size_phone=\u00a0\u00bb32px\u00a0\u00bb header_font_size_last_edited=\u00a0\u00bbon|desktop\u00a0\u00bb]<\/p>\n<h1><span style=\"color: #54bfb5;\"><strong><\/strong><\/span><\/h1>\n<h1><span style=\"color: #54bfb5;\"><strong><\/strong><\/span><\/h1>\n<h1><span style=\"color: #54bfb5;\"><strong><\/strong><\/span><\/h1>\n<h1><span style=\"color: #54bfb5;\"><strong><\/strong><\/span><\/h1>\n<h1><span style=\"color: #54bfb5;\"><strong><\/strong><\/span><\/h1>\n<h1><span style=\"color: #54bfb5;\"><strong><\/strong><\/span><\/h1>\n<h1><span style=\"color: #54bfb5;\"><strong>T\u00e9moignage<\/strong><\/span><\/h1>\n<p>&nbsp;<\/p>\n<p>[\/et_pb_text][\/et_pb_column][\/et_pb_row][\/et_pb_section][et_pb_section fb_built=\u00a0\u00bb1&Prime; admin_label=\u00a0\u00bbContact Form Section\u00a0\u00bb _builder_version=\u00a0\u00bb4.4.8&Prime; background_color=\u00a0\u00bb#ffffff\u00a0\u00bb custom_padding=\u00a0\u00bb33px||110px|||\u00a0\u00bb animation_style=\u00a0\u00bbzoom\u00a0\u00bb animation_direction=\u00a0\u00bbbottom\u00a0\u00bb animation_intensity_zoom=\u00a0\u00bb10%\u00a0\u00bb hover_enabled=\u00a0\u00bb0&Prime; saved_tabs=\u00a0\u00bball\u00a0\u00bb locked=\u00a0\u00bboff\u00a0\u00bb][et_pb_row admin_label=\u00a0\u00bbService Section Title\u00a0\u00bb _builder_version=\u00a0\u00bb3.25&Prime; custom_margin=\u00a0\u00bb||40px|\u00a0\u00bb animation_style=\u00a0\u00bbfade\u00a0\u00bb animation_direction=\u00a0\u00bbtop\u00a0\u00bb locked=\u00a0\u00bboff\u00a0\u00bb][et_pb_column type=\u00a0\u00bb4_4&Prime; _builder_version=\u00a0\u00bb3.25&Prime; custom_padding=\u00a0\u00bb|||\u00a0\u00bb custom_padding__hover=\u00a0\u00bb|||\u00a0\u00bb][et_pb_text _builder_version=\u00a0\u00bb4.4.8&Prime; text_font_size=\u00a0\u00bb22px\u00a0\u00bb header_2_font=\u00a0\u00bbRubik|700||on|||||\u00a0\u00bb header_2_font_size=\u00a0\u00bb48px\u00a0\u00bb header_2_line_height=\u00a0\u00bb1.2em\u00a0\u00bb text_orientation=\u00a0\u00bbcenter\u00a0\u00bb header_2_font_size_tablet=\u00a0\u00bb\u00a0\u00bb header_2_font_size_phone=\u00a0\u00bb30px\u00a0\u00bb header_2_font_size_last_edited=\u00a0\u00bbon|desktop\u00a0\u00bb locked=\u00a0\u00bboff\u00a0\u00bb]<\/p>\n<h2><span color=\"#54bfb5\" style=\"color: #54bfb5;\">Ils en parlent &#8230;<\/span><\/h2>\n<p style=\"text-align: center;\"><span color=\"#54bfb5\" style=\"color: #333333;\">Parce que ce sont ceux qui ont exp\u00e9riment\u00e9 qui en parlent le mieux, quelques t\u00e9moignages d&rsquo;exp\u00e9riences v\u00e9cues<\/span><\/p>\n<p>[\/et_pb_text][et_pb_button button_url=\u00a0\u00bbhttps:\/\/valeriemarlienhypnose.fr\/index.php\/prendre-rendez-vous\/\u00a0\u00bb url_new_window=\u00a0\u00bbon\u00a0\u00bb button_text=\u00a0\u00bbEnvie d&rsquo;exp\u00e9rimenter ? rendez vous par ici\u00a0\u00bb button_alignment=\u00a0\u00bbcenter\u00a0\u00bb _builder_version=\u00a0\u00bb4.4.8&Prime; custom_button=\u00a0\u00bbon\u00a0\u00bb button_text_size=\u00a0\u00bb14px\u00a0\u00bb button_text_color=\u00a0\u00bb#ffffff\u00a0\u00bb button_bg_color=\u00a0\u00bb#54bfb5&Prime; button_border_color=\u00a0\u00bbrgba(0,0,0,0)\u00a0\u00bb button_border_radius=\u00a0\u00bb100px\u00a0\u00bb button_letter_spacing=\u00a0\u00bb2px\u00a0\u00bb button_font=\u00a0\u00bbMontserrat|||on|||||\u00a0\u00bb custom_padding=\u00a0\u00bb16px|30px|16px|30px|true|true\u00a0\u00bb hover_enabled=\u00a0\u00bb0&Prime; box_shadow_style=\u00a0\u00bbpreset3&Prime; box_shadow_color=\u00a0\u00bbrgba(127,141,255,0.4)\u00a0\u00bb button_letter_spacing_hover=\u00a0\u00bb2px\u00a0\u00bb button_text_size__hover_enabled=\u00a0\u00bboff\u00a0\u00bb button_one_text_size__hover_enabled=\u00a0\u00bboff\u00a0\u00bb button_two_text_size__hover_enabled=\u00a0\u00bboff\u00a0\u00bb button_text_color__hover_enabled=\u00a0\u00bboff\u00a0\u00bb button_one_text_color__hover_enabled=\u00a0\u00bboff\u00a0\u00bb button_two_text_color__hover_enabled=\u00a0\u00bboff\u00a0\u00bb button_border_width__hover_enabled=\u00a0\u00bboff\u00a0\u00bb button_one_border_width__hover_enabled=\u00a0\u00bboff\u00a0\u00bb button_two_border_width__hover_enabled=\u00a0\u00bboff\u00a0\u00bb button_border_color__hover_enabled=\u00a0\u00bboff\u00a0\u00bb button_one_border_color__hover_enabled=\u00a0\u00bboff\u00a0\u00bb button_two_border_color__hover_enabled=\u00a0\u00bboff\u00a0\u00bb button_border_radius__hover_enabled=\u00a0\u00bboff\u00a0\u00bb button_one_border_radius__hover_enabled=\u00a0\u00bboff\u00a0\u00bb button_two_border_radius__hover_enabled=\u00a0\u00bboff\u00a0\u00bb button_letter_spacing__hover_enabled=\u00a0\u00bbon\u00a0\u00bb button_letter_spacing__hover=\u00a0\u00bb2px\u00a0\u00bb button_one_letter_spacing__hover_enabled=\u00a0\u00bboff\u00a0\u00bb button_two_letter_spacing__hover_enabled=\u00a0\u00bboff\u00a0\u00bb button_bg_color__hover_enabled=\u00a0\u00bboff\u00a0\u00bb button_one_bg_color__hover_enabled=\u00a0\u00bboff\u00a0\u00bb button_two_bg_color__hover_enabled=\u00a0\u00bboff\u00a0\u00bb][\/et_pb_button][et_pb_testimonial author=\u00a0\u00bbFabienne -Septembre 2021\u00a0\u00a0\u00bb portrait_url=\u00a0\u00bbdata:image\/svg+xml;base64,PHN2ZyB3aWR0aD0iNTAwIiBoZWlnaHQ9IjUwMCIgdmlld0JveD0iMCAwIDUwMCA1MDAiIHhtbG5zPSJodHRwOi8vd3d3LnczLm9yZy8yMDAwL3N2ZyI+CiAgICA8ZyBmaWxsPSJub25lIiBmaWxsLXJ1bGU9ImV2ZW5vZGQiPgogICAgICAgIDxwYXRoIGZpbGw9IiNFQkVCRUIiIGQ9Ik0wIDBoNTAwdjUwMEgweiIvPgogICAgICAgIDxyZWN0IGZpbGwtb3BhY2l0eT0iLjEiIGZpbGw9IiMwMDAiIHg9IjY4IiB5PSIzMDUiIHdpZHRoPSIzNjQiIGhlaWdodD0iNTY4IiByeD0iMTgyIi8+CiAgICAgICAgPGNpcmNsZSBmaWxsLW9wYWNpdHk9Ii4xIiBmaWxsPSIjMDAwIiBjeD0iMjQ5IiBjeT0iMTcyIiByPSIxMDAiLz4KICAgIDwvZz4KPC9zdmc+Cg==\u00a0\u00bb portrait_width=\u00a0\u00bb42px\u00a0\u00bb portrait_height=\u00a0\u00bb42px\u00a0\u00bb _builder_version=\u00a0\u00bb4.4.8&Prime; hover_enabled=\u00a0\u00bb0&Prime;]<\/p>\n<p><span>Val\u00e9rie m&rsquo;a beaucoup aid\u00e9e dans une p\u00e9riode difficile. Elle est tr\u00e8s professionnelle, \u00e0 l&rsquo;\u00e9coute, et disponible. Les s\u00e9ances ont \u00e9t\u00e9 rapidement efficaces.<\/span><\/p>\n<p>[\/et_pb_testimonial][et_pb_testimonial author=\u00a0\u00bbStan &#8211; Octobre 2021\u00a0\u00a0\u00bb portrait_url=\u00a0\u00bbdata:image\/svg+xml;base64,PHN2ZyB3aWR0aD0iNTAwIiBoZWlnaHQ9IjUwMCIgdmlld0JveD0iMCAwIDUwMCA1MDAiIHhtbG5zPSJodHRwOi8vd3d3LnczLm9yZy8yMDAwL3N2ZyI+CiAgICA8ZyBmaWxsPSJub25lIiBmaWxsLXJ1bGU9ImV2ZW5vZGQiPgogICAgICAgIDxwYXRoIGZpbGw9IiNFQkVCRUIiIGQ9Ik0wIDBoNTAwdjUwMEgweiIvPgogICAgICAgIDxyZWN0IGZpbGwtb3BhY2l0eT0iLjEiIGZpbGw9IiMwMDAiIHg9IjY4IiB5PSIzMDUiIHdpZHRoPSIzNjQiIGhlaWdodD0iNTY4IiByeD0iMTgyIi8+CiAgICAgICAgPGNpcmNsZSBmaWxsLW9wYWNpdHk9Ii4xIiBmaWxsPSIjMDAwIiBjeD0iMjQ5IiBjeT0iMTcyIiByPSIxMDAiLz4KICAgIDwvZz4KPC9zdmc+Cg==\u00a0\u00bb portrait_width=\u00a0\u00bb42px\u00a0\u00bb portrait_height=\u00a0\u00bb42px\u00a0\u00bb _builder_version=\u00a0\u00bb4.4.8&Prime; hover_enabled=\u00a0\u00bb0&Prime;]<\/p>\n<p><span>Madame Val\u00e9rie Marlien est vraiment une personne dou\u00e9 dans son travail et m\u2019a beaucoup personnellement en l\u2019espace d\u2019une seule et unique s\u00e9ance. Je vous la recommande grandement, Vous ne serez pas d\u00e9\u00e7u.<\/span><\/p>\n<p>[\/et_pb_testimonial][et_pb_testimonial author=\u00a0\u00bbNadine &#8211; Octobre 2021\u00a0\u00a0\u00bb portrait_url=\u00a0\u00bbdata:image\/svg+xml;base64,PHN2ZyB3aWR0aD0iNTAwIiBoZWlnaHQ9IjUwMCIgdmlld0JveD0iMCAwIDUwMCA1MDAiIHhtbG5zPSJodHRwOi8vd3d3LnczLm9yZy8yMDAwL3N2ZyI+CiAgICA8ZyBmaWxsPSJub25lIiBmaWxsLXJ1bGU9ImV2ZW5vZGQiPgogICAgICAgIDxwYXRoIGZpbGw9IiNFQkVCRUIiIGQ9Ik0wIDBoNTAwdjUwMEgweiIvPgogICAgICAgIDxyZWN0IGZpbGwtb3BhY2l0eT0iLjEiIGZpbGw9IiMwMDAiIHg9IjY4IiB5PSIzMDUiIHdpZHRoPSIzNjQiIGhlaWdodD0iNTY4IiByeD0iMTgyIi8+CiAgICAgICAgPGNpcmNsZSBmaWxsLW9wYWNpdHk9Ii4xIiBmaWxsPSIjMDAwIiBjeD0iMjQ5IiBjeT0iMTcyIiByPSIxMDAiLz4KICAgIDwvZz4KPC9zdmc+Cg==\u00a0\u00bb portrait_width=\u00a0\u00bb42px\u00a0\u00bb portrait_height=\u00a0\u00bb42px\u00a0\u00bb _builder_version=\u00a0\u00bb4.4.8&Prime;]<\/p>\n<p>\u00a0<span>C&rsquo;est une amie qui m&rsquo;a recommand\u00e9 Val\u00e9rie Marlien. J&rsquo;\u00e9tais septique avant notre premi\u00e8re rencontre, mais j&rsquo;ai carr\u00e9ment \u00e9tait bluff\u00e9e par la premi\u00e8re s\u00e9ance. J&rsquo;ai fait la connaissance d&rsquo;une personne douce, \u00e0 l&rsquo;\u00e9coute et certainement pas dans le jugement mais empathique. Gr\u00e2ce \u00e0 ses conseils et exercices j&rsquo;ai pu faire de gros progr\u00e8s et \u00e0 ce jour j&rsquo;arrive, entre autres, \u00e0 prendre du recul sur ce qui m&rsquo;a conduit au burn-out de ce printemps 2021. Je n&rsquo;h\u00e9siterai certainement pas \u00e0 y retourner si le besoin s&rsquo;en faisait sentir \u00e0 nouveau et je la recommande vivement.<\/span><\/p>\n<p>[\/et_pb_testimonial][et_pb_testimonial author=\u00a0\u00bbFranciane\u00a0\u00a0\u00bb portrait_url=\u00a0\u00bbdata:image\/svg+xml;base64,PHN2ZyB3aWR0aD0iNTAwIiBoZWlnaHQ9IjUwMCIgdmlld0JveD0iMCAwIDUwMCA1MDAiIHhtbG5zPSJodHRwOi8vd3d3LnczLm9yZy8yMDAwL3N2ZyI+CiAgICA8ZyBmaWxsPSJub25lIiBmaWxsLXJ1bGU9ImV2ZW5vZGQiPgogICAgICAgIDxwYXRoIGZpbGw9IiNFQkVCRUIiIGQ9Ik0wIDBoNTAwdjUwMEgweiIvPgogICAgICAgIDxyZWN0IGZpbGwtb3BhY2l0eT0iLjEiIGZpbGw9IiMwMDAiIHg9IjY4IiB5PSIzMDUiIHdpZHRoPSIzNjQiIGhlaWdodD0iNTY4IiByeD0iMTgyIi8+CiAgICAgICAgPGNpcmNsZSBmaWxsLW9wYWNpdHk9Ii4xIiBmaWxsPSIjMDAwIiBjeD0iMjQ5IiBjeT0iMTcyIiByPSIxMDAiLz4KICAgIDwvZz4KPC9zdmc+Cg==\u00a0\u00bb portrait_width=\u00a0\u00bb42px\u00a0\u00bb portrait_height=\u00a0\u00bb42px\u00a0\u00bb _builder_version=\u00a0\u00bb4.4.8&Prime;]<\/p>\n<p>\u00a0<span>J\u2019ai rencontr\u00e9 Val\u00e9rie Marlien gr\u00e2ce \u00e0 un coll\u00e8gue et ce fut une tr\u00e8s belle rencontre. Elle m\u2019a accompagn\u00e9e pour m\u2019aider \u00e0 traverser des moments difficiles et cela m\u2019a permis d\u2019avancer plus sereinement. Elle est tr\u00e8s professionnelle et dispose d\u2019une palette d\u2019outils et de techniques qu\u2019elle sait adapter en fonction des besoins des personnes qu\u2019elle accompagne. Pour ma part, j\u2019ai b\u00e9n\u00e9fici\u00e9 de plusieurs de ses techniques qui m\u2019ont apport\u00e9 une grande confiance en moi et permis de me r\u00e9aliser personnellement et professionnellement. Je conseille cette th\u00e9rapeute pour se faire accompagner afin de surmonter les obstacles de la vie et se renforcer pour avancer sereinement dans sa vie<\/span><\/p>\n<p>[\/et_pb_testimonial][et_pb_testimonial author=\u00a0\u00bbDominique M. 57 ans\u00a0\u00bb portrait_url=\u00a0\u00bbdata:image\/svg+xml;base64,PHN2ZyB3aWR0aD0iNTAwIiBoZWlnaHQ9IjUwMCIgdmlld0JveD0iMCAwIDUwMCA1MDAiIHhtbG5zPSJodHRwOi8vd3d3LnczLm9yZy8yMDAwL3N2ZyI+CiAgICA8ZyBmaWxsPSJub25lIiBmaWxsLXJ1bGU9ImV2ZW5vZGQiPgogICAgICAgIDxwYXRoIGZpbGw9IiNFQkVCRUIiIGQ9Ik0wIDBoNTAwdjUwMEgweiIvPgogICAgICAgIDxyZWN0IGZpbGwtb3BhY2l0eT0iLjEiIGZpbGw9IiMwMDAiIHg9IjY4IiB5PSIzMDUiIHdpZHRoPSIzNjQiIGhlaWdodD0iNTY4IiByeD0iMTgyIi8+CiAgICAgICAgPGNpcmNsZSBmaWxsLW9wYWNpdHk9Ii4xIiBmaWxsPSIjMDAwIiBjeD0iMjQ5IiBjeT0iMTcyIiByPSIxMDAiLz4KICAgIDwvZz4KPC9zdmc+Cg==\u00a0\u00bb portrait_width=\u00a0\u00bb42px\u00a0\u00bb portrait_height=\u00a0\u00bb42px\u00a0\u00bb _builder_version=\u00a0\u00bb4.4.8&Prime;]<\/p>\n<p>Dominique,<\/p>\n<p>Tr\u00e8s heureuse du travail fait avec Val\u00e9rie Marlien suite \u00e0 un trauma physique accidentel avec environnement d\u00e9l\u00e9t\u00e8re. J&rsquo;ai failli perdre la vie dans cet accident.<\/p>\n<p>Le travail avance avec profondeur et rigueur, EMDR, hypnose, m\u00e9thodes men\u00e9es dans une grande bienveillance et \u00e9coute.<\/p>\n<p>Les mises en lien purent se constituer et clarifier la situation. Affaire de triage et de priorit\u00e9s.<\/p>\n<p>Et le magnifique! :\u00a0 retrouver et avoir acc\u00e8s \u00e0 ses propres ressources et forces.<\/p>\n<p>Donc, merci Val\u00e9rie, et je continue. \u00ab\u00a0<\/p>\n<p>[\/et_pb_testimonial][et_pb_testimonial author=\u00a0\u00bbHyacinthe D. 53 ans\u00a0\u00bb portrait_url=\u00a0\u00bbdata:image\/svg+xml;base64,PHN2ZyB3aWR0aD0iNTAwIiBoZWlnaHQ9IjUwMCIgdmlld0JveD0iMCAwIDUwMCA1MDAiIHhtbG5zPSJodHRwOi8vd3d3LnczLm9yZy8yMDAwL3N2ZyI+CiAgICA8ZyBmaWxsPSJub25lIiBmaWxsLXJ1bGU9ImV2ZW5vZGQiPgogICAgICAgIDxwYXRoIGZpbGw9IiNFQkVCRUIiIGQ9Ik0wIDBoNTAwdjUwMEgweiIvPgogICAgICAgIDxyZWN0IGZpbGwtb3BhY2l0eT0iLjEiIGZpbGw9IiMwMDAiIHg9IjY4IiB5PSIzMDUiIHdpZHRoPSIzNjQiIGhlaWdodD0iNTY4IiByeD0iMTgyIi8+CiAgICAgICAgPGNpcmNsZSBmaWxsLW9wYWNpdHk9Ii4xIiBmaWxsPSIjMDAwIiBjeD0iMjQ5IiBjeT0iMTcyIiByPSIxMDAiLz4KICAgIDwvZz4KPC9zdmc+Cg==\u00a0\u00bb portrait_width=\u00a0\u00bb42px\u00a0\u00bb portrait_height=\u00a0\u00bb42px\u00a0\u00bb _builder_version=\u00a0\u00bb4.4.8&Prime;]<\/p>\n<p><span>Grand merci \u00e0 Val\u00e9rie Marlien pour les changements de comportement que j&rsquo;ai enfin pu adopter suite \u00e0 2 s\u00e9ances d&rsquo;hypnose. Et merci \u00e0 sa bienveillance et son implication. Ces 2 s\u00e9ances ont \u00e9t\u00e9 tr\u00e8s efficaces.<\/span><\/p>\n<p>[\/et_pb_testimonial][et_pb_testimonial author=\u00a0\u00bbMich\u00e8le P. 73 ans\u00a0\u00bb portrait_url=\u00a0\u00bbdata:image\/svg+xml;base64,PHN2ZyB3aWR0aD0iNTAwIiBoZWlnaHQ9IjUwMCIgdmlld0JveD0iMCAwIDUwMCA1MDAiIHhtbG5zPSJodHRwOi8vd3d3LnczLm9yZy8yMDAwL3N2ZyI+CiAgICA8ZyBmaWxsPSJub25lIiBmaWxsLXJ1bGU9ImV2ZW5vZGQiPgogICAgICAgIDxwYXRoIGZpbGw9IiNFQkVCRUIiIGQ9Ik0wIDBoNTAwdjUwMEgweiIvPgogICAgICAgIDxyZWN0IGZpbGwtb3BhY2l0eT0iLjEiIGZpbGw9IiMwMDAiIHg9IjY4IiB5PSIzMDUiIHdpZHRoPSIzNjQiIGhlaWdodD0iNTY4IiByeD0iMTgyIi8+CiAgICAgICAgPGNpcmNsZSBmaWxsLW9wYWNpdHk9Ii4xIiBmaWxsPSIjMDAwIiBjeD0iMjQ5IiBjeT0iMTcyIiByPSIxMDAiLz4KICAgIDwvZz4KPC9zdmc+Cg==\u00a0\u00bb portrait_width=\u00a0\u00bb42px\u00a0\u00bb portrait_height=\u00a0\u00bb42px\u00a0\u00bb _builder_version=\u00a0\u00bb4.4.8&Prime;]<\/p>\n<p><span>J&rsquo;ai la chance d&rsquo;avoir rencontr\u00e9 Val\u00e9rie et de lui avoir confi\u00e9 la partie de moi qui \u00ab\u00a0demandait soins\u00a0\u00bb. L&rsquo;extraordinaire est que, outre ses qualit\u00e9s d&rsquo;\u00e9coute, d&#8217;empathie et la force, l&rsquo;\u00e9lan qu&rsquo;elle communique, j&rsquo;ai d\u00e9couvert avec Val\u00e9rie, que l&rsquo;action induite en s\u00e9ance va se diffuser en soi, sans violence, au plus profond de l&rsquo;\u00eatre et se trouver \u00e0 l&rsquo;origine de nouveaux comportements salvateurs&#8230; Sacr\u00e9e exp\u00e9rience ! Aborder ainsi, peu \u00e0 peu, et d\u00e9nouer les freins qui font de notre vie, le brouillon de ce qu&rsquo;elle devrait \u00eatre. Merci Val\u00e9rie ! Merci !<\/span><\/p>\n<p>[\/et_pb_testimonial][et_pb_testimonial author=\u00a0\u00bbRenaud B. 55 ans\u00a0\u00bb portrait_url=\u00a0\u00bbdata:image\/svg+xml;base64,PHN2ZyB3aWR0aD0iNTAwIiBoZWlnaHQ9IjUwMCIgdmlld0JveD0iMCAwIDUwMCA1MDAiIHhtbG5zPSJodHRwOi8vd3d3LnczLm9yZy8yMDAwL3N2ZyI+CiAgICA8ZyBmaWxsPSJub25lIiBmaWxsLXJ1bGU9ImV2ZW5vZGQiPgogICAgICAgIDxwYXRoIGZpbGw9IiNFQkVCRUIiIGQ9Ik0wIDBoNTAwdjUwMEgweiIvPgogICAgICAgIDxyZWN0IGZpbGwtb3BhY2l0eT0iLjEiIGZpbGw9IiMwMDAiIHg9IjY4IiB5PSIzMDUiIHdpZHRoPSIzNjQiIGhlaWdodD0iNTY4IiByeD0iMTgyIi8+CiAgICAgICAgPGNpcmNsZSBmaWxsLW9wYWNpdHk9Ii4xIiBmaWxsPSIjMDAwIiBjeD0iMjQ5IiBjeT0iMTcyIiByPSIxMDAiLz4KICAgIDwvZz4KPC9zdmc+Cg==\u00a0\u00bb portrait_width=\u00a0\u00bb42px\u00a0\u00bb portrait_height=\u00a0\u00bb42px\u00a0\u00bb use_icon_font_size=\u00a0\u00bbon\u00a0\u00bb _builder_version=\u00a0\u00bb4.4.8&Prime;]<\/p>\n<div _ngcontent-chl-c528=\"\" class=\"review-body ng-star-inserted\">Tr\u00e8s bon accueil, une vraie \u00e9coute qui m&rsquo;a mis en confiance \u00e0 mon rythme, pour m&rsquo;accompagner vers un chemin \u00e0 la fois inattendu et pourtant esp\u00e9r\u00e9. blocages oubli\u00e9s et je me sens bien plus libre q&rsquo;il y a deux mois Un tr\u00e8s grand merci Val\u00e9rie RB<\/div>\n<div _ngcontent-chl-c528=\"\" class=\"review-footer\">\n<div _ngcontent-chl-c528=\"\" class=\"row\"><\/div>\n<\/div>\n<p>[\/et_pb_testimonial][et_pb_testimonial author=\u00a0\u00bbH\u00e9l\u00e9na 38 ans \u00a0\u00bb portrait_url=\u00a0\u00bbdata:image\/svg+xml;base64,PHN2ZyB3aWR0aD0iNTAwIiBoZWlnaHQ9IjUwMCIgdmlld0JveD0iMCAwIDUwMCA1MDAiIHhtbG5zPSJodHRwOi8vd3d3LnczLm9yZy8yMDAwL3N2ZyI+CiAgICA8ZyBmaWxsPSJub25lIiBmaWxsLXJ1bGU9ImV2ZW5vZGQiPgogICAgICAgIDxwYXRoIGZpbGw9IiNFQkVCRUIiIGQ9Ik0wIDBoNTAwdjUwMEgweiIvPgogICAgICAgIDxyZWN0IGZpbGwtb3BhY2l0eT0iLjEiIGZpbGw9IiMwMDAiIHg9IjY4IiB5PSIzMDUiIHdpZHRoPSIzNjQiIGhlaWdodD0iNTY4IiByeD0iMTgyIi8+CiAgICAgICAgPGNpcmNsZSBmaWxsLW9wYWNpdHk9Ii4xIiBmaWxsPSIjMDAwIiBjeD0iMjQ5IiBjeT0iMTcyIiByPSIxMDAiLz4KICAgIDwvZz4KPC9zdmc+Cg==\u00a0\u00bb portrait_width=\u00a0\u00bb42px\u00a0\u00bb portrait_height=\u00a0\u00bb42px\u00a0\u00bb use_icon_font_size=\u00a0\u00bbon\u00a0\u00bb icon_font_size=\u00a0\u00bb8px\u00a0\u00bb _builder_version=\u00a0\u00bb4.4.8&Prime; hover_enabled=\u00a0\u00bb0&Prime;]<\/p>\n<div _ngcontent-chl-c528=\"\" class=\"review-body ng-star-inserted\">\n<div>Val\u00e9rie Marlien est tr\u00e8s efficace et professionnelle.<\/div>\n<div>J&rsquo;ai appr\u00e9ci\u00e9 sa bienveillance, son \u00e9coute et son approche personnalis\u00e9e pour des r\u00e9sultats rapides et efficaces.<\/div>\n<div>J&rsquo;ai \u00e9galement appr\u00e9ci\u00e9 les conseils et outils prodigu\u00e9s en fin de s\u00e9ance qui tout en renfor\u00e7ant les effets de l&rsquo;hypnose, participent \u00e0 la confiance et \u00e0 l&rsquo;autonomie de la personne.<\/div>\n<div>Je la recommande vivement.<\/div>\n<\/div>\n<div _ngcontent-chl-c528=\"\" class=\"review-footer\">\n<div _ngcontent-chl-c528=\"\" class=\"row\"><\/div>\n<\/div>\n<p>[\/et_pb_testimonial][\/et_pb_column][\/et_pb_row][\/et_pb_section]<\/p>\n","protected":false},"excerpt":{"rendered":"<p>[et_pb_section fb_built=\u00a0\u00bb1&Prime; next_background_color=\u00a0\u00bb#ffffff\u00a0\u00bb _builder_version=\u00a0\u00bb4.4.8&Prime; use_background_color_gradient=\u00a0\u00bbon\u00a0\u00bb background_color_gradient_start=\u00a0\u00bbrgba(0,0,0,0)\u00a0\u00bb background_color_gradient_end=\u00a0\u00bbrgba(255,227,208,0.3)\u00a0\u00bb background_color_gradient_type=\u00a0\u00bbradial\u00a0\u00bb background_color_gradient_direction_radial=\u00a0\u00bbtop left\u00a0\u00bb background_color_gradient_start_position=\u00a0\u00bb50%\u00a0\u00bb background_color_gradient_overlays_image=\u00a0\u00bbon\u00a0\u00bb background_image=\u00a0\u00bbhttp:\/\/valeriemarlienhypnose.fr\/wp-content\/uploads\/2021\/03\/mains-chapelle-pexels-anna-shvets-4672717-copie.jpg\u00a0\u00bb custom_margin=\u00a0\u00bb||||false\u00a0\u00bb custom_padding=\u00a0\u00bb3vw||1vw||false|false\u00a0\u00bb bottom_divider_style=\u00a0\u00bbcurve\u00a0\u00bb bottom_divider_height=\u00a0\u00bb2.5vw\u00a0\u00bb][et_pb_row _builder_version=\u00a0\u00bb3.25&Prime; animation_style=\u00a0\u00bbfade\u00a0\u00bb][et_pb_column type=\u00a0\u00bb4_4&Prime; _builder_version=\u00a0\u00bb3.25&Prime; custom_padding=\u00a0\u00bb|||\u00a0\u00bb custom_padding__hover=\u00a0\u00bb|||\u00a0\u00bb][et_pb_text _builder_version=\u00a0\u00bb4.4.8&Prime; text_font=\u00a0\u00bb||||||||\u00a0\u00bb text_font_size=\u00a0\u00bb18px\u00a0\u00bb text_line_height=\u00a0\u00bb2em\u00a0\u00bb header_font=\u00a0\u00bbMontserrat|300|||||||\u00a0\u00bb header_font_size=\u00a0\u00bb50px\u00a0\u00bb header_line_height=\u00a0\u00bb1.4em\u00a0\u00bb text_orientation=\u00a0\u00bbcenter\u00a0\u00bb max_width=\u00a0\u00bb700px\u00a0\u00bb module_alignment=\u00a0\u00bbcenter\u00a0\u00bb header_font_size_tablet=\u00a0\u00bb40px\u00a0\u00bb header_font_size_phone=\u00a0\u00bb32px\u00a0\u00bb header_font_size_last_edited=\u00a0\u00bbon|desktop\u00a0\u00bb] T\u00e9moignage &nbsp; [\/et_pb_text][\/et_pb_column][\/et_pb_row][\/et_pb_section][et_pb_section fb_built=\u00a0\u00bb1&Prime; admin_label=\u00a0\u00bbContact Form Section\u00a0\u00bb _builder_version=\u00a0\u00bb4.4.8&Prime; background_color=\u00a0\u00bb#ffffff\u00a0\u00bb custom_padding=\u00a0\u00bb33px||110px|||\u00a0\u00bb animation_style=\u00a0\u00bbzoom\u00a0\u00bb animation_direction=\u00a0\u00bbbottom\u00a0\u00bb animation_intensity_zoom=\u00a0\u00bb10%\u00a0\u00bb hover_enabled=\u00a0\u00bb0&Prime; saved_tabs=\u00a0\u00bball\u00a0\u00bb locked=\u00a0\u00bboff\u00a0\u00bb][et_pb_row admin_label=\u00a0\u00bbService Section Title\u00a0\u00bb [&hellip;]<\/p>\n","protected":false},"author":1,"featured_media":0,"parent":0,"menu_order":0,"comment_status":"closed","ping_status":"closed","template":"","meta":{"_et_pb_use_builder":"on","_et_pb_old_content":"<!-- wp:divi\/placeholder \/-->","_et_gb_content_width":""},"aioseo_notices":[],"_links":{"self":[{"href":"https:\/\/valeriemarlienhypnose.fr\/index.php\/wp-json\/wp\/v2\/pages\/444"}],"collection":[{"href":"https:\/\/valeriemarlienhypnose.fr\/index.php\/wp-json\/wp\/v2\/pages"}],"about":[{"href":"https:\/\/valeriemarlienhypnose.fr\/index.php\/wp-json\/wp\/v2\/types\/page"}],"author":[{"embeddable":true,"href":"https:\/\/valeriemarlienhypnose.fr\/index.php\/wp-json\/wp\/v2\/users\/1"}],"replies":[{"embeddable":true,"href":"https:\/\/valeriemarlienhypnose.fr\/index.php\/wp-json\/wp\/v2\/comments?post=444"}],"version-history":[{"count":22,"href":"https:\/\/valeriemarlienhypnose.fr\/index.php\/wp-json\/wp\/v2\/pages\/444\/revisions"}],"predecessor-version":[{"id":1661,"href":"https:\/\/valeriemarlienhypnose.fr\/index.php\/wp-json\/wp\/v2\/pages\/444\/revisions\/1661"}],"wp:attachment":[{"href":"https:\/\/valeriemarlienhypnose.fr\/index.php\/wp-json\/wp\/v2\/media?parent=444"}],"curies":[{"name":"wp","href":"https:\/\/api.w.org\/{rel}","templated":true}]}}